{"id":582,"date":"2024-09-18T14:46:23","date_gmt":"2024-09-18T12:46:23","guid":{"rendered":"https:\/\/www.upo.es\/observatoriourbanolucena\/?page_id=582"},"modified":"2024-10-18T14:10:31","modified_gmt":"2024-10-18T12:10:31","slug":"privacidad","status":"publish","type":"page","link":"https:\/\/www.upo.es\/observatoriourbanolucena\/privacidad\/","title":{"rendered":"Pol\u00edtica de Privacidad"},"content":{"rendered":"\n<p><strong>Responsable del Tratamiento<\/strong><br>El responsable de los datos recogidos en el Observatorio Urbano de Lucena es <strong>UPO Metr\u00f3poli<\/strong>, perteneciente al <strong>Grupo de Investigaci\u00f3n Pol\u00edtica, Territorio y Participaci\u00f3n<\/strong> (SEJ-499) de la <strong>Universidad Pablo de Olavide<\/strong>.<br>Direcci\u00f3n: Ctra. de Utrera, km. 1, 41013, Sevilla<br>Edificio 44, 1\u00aa planta, oficina 22<br>Tel\u00e9fono: +34 954 97 81 32<br>Email: <a>ptyp.upo@gmail.com<\/a><\/p>\n\n\n\n<p><strong>Finalidad del Tratamiento<\/strong><br>Los datos personales recopilados ser\u00e1n utilizados exclusivamente para responder a consultas, gestionar servicios ofrecidos por la web y mejorar la experiencia de los usuarios, as\u00ed como para el env\u00edo de informaci\u00f3n relacionada con el Observatorio, siempre con el consentimiento expreso del usuario.<\/p>\n\n\n\n<p><strong>Legitimaci\u00f3n<\/strong><br>El tratamiento de los datos se basa en el consentimiento otorgado por los usuarios al aceptar esta pol\u00edtica de privacidad o al interactuar con los servicios de la web.<\/p>\n\n\n\n<p><strong>Derechos del Usuario<\/strong><br>Los usuarios pueden ejercer sus derechos de acceso, rectificaci\u00f3n, supresi\u00f3n, oposici\u00f3n, limitaci\u00f3n del tratamiento y portabilidad de sus datos enviando una solicitud por escrito a la direcci\u00f3n del responsable o mediante el correo electr\u00f3nico indicado. Asimismo, tienen derecho a presentar una reclamaci\u00f3n ante la Agencia Espa\u00f1ola de Protecci\u00f3n de Datos en caso de que consideren que sus derechos no han sido debidamente atendidos.<\/p>\n\n\n\n<p><strong>Conservaci\u00f3n de los Datos<\/strong><br>Los datos personales ser\u00e1n conservados durante el tiempo necesario para cumplir con la finalidad para la que se han recogido y para determinar posibles responsabilidades legales derivadas de dicha finalidad.<\/p>\n\n\n\n<p><strong>Transferencias Internacionales<\/strong><br>UPO Metr\u00f3poli no realiza transferencias internacionales de datos fuera del Espacio Econ\u00f3mico Europeo sin el consentimiento expreso del usuario.<\/p>\n\n\n\n<p><strong>Modificaci\u00f3n de la Pol\u00edtica de Privacidad<\/strong><br>UPO Metr\u00f3poli se reserva el derecho de modificar esta pol\u00edtica de privacidad en cualquier momento, en cumplimiento de la legislaci\u00f3n vigente y las pol\u00edticas internas de la Universidad Pablo de Olavide.<\/p>\n","protected":false},"excerpt":{"rendered":"<p>Responsable del TratamientoEl responsable de los datos recogidos en el Observatorio Urbano de Lucena es UPO Metr\u00f3poli, perteneciente al Grupo de Investigaci\u00f3n Pol\u00edtica, Territorio y Participaci\u00f3n (SEJ-499) de la Universidad Pablo de Olavide.Direcci\u00f3n: Ctra. de Utrera, km. 1, 41013, SevillaEdificio 44, 1\u00aa planta, oficina 22Tel\u00e9fono: +34 954 97 81 32Email: ptyp.upo@gmail.com Finalidad del TratamientoLos datos [&hellip;]<\/p>\n","protected":false},"author":2,"featured_media":0,"parent":0,"menu_order":0,"comment_status":"closed","ping_status":"closed","template":"page-legal.php","meta":{"inline_featured_image":false,"footnotes":""},"class_list":["post-582","page","type-page","status-publish","hentry"],"yoast_head":"<!-- This site is optimized with the Yoast SEO plugin v24.5 - https:\/\/yoast.com\/wordpress\/plugins\/seo\/ -->\n<title>Pol\u00edtica de Privacidad - Observatorio Urbano de Lucena<\/title>\n<meta name=\"robots\" content=\"index, follow, max-snippet:-1, max-image-preview:large, max-video-preview:-1\" \/>\n<link rel=\"canonical\" href=\"https:\/\/www.upo.es\/observatoriourbanolucena\/privacidad\/\" \/>\n<meta property=\"og:locale\" content=\"es_ES\" \/>\n<meta property=\"og:type\" content=\"article\" \/>\n<meta property=\"og:title\" content=\"Pol\u00edtica de Privacidad - Observatorio Urbano de Lucena\" \/>\n<meta property=\"og:description\" content=\"Responsable del TratamientoEl responsable de los datos recogidos en el Observatorio Urbano de Lucena es UPO Metr\u00f3poli, perteneciente al Grupo de Investigaci\u00f3n Pol\u00edtica, Territorio y Participaci\u00f3n (SEJ-499) de la Universidad Pablo de Olavide.Direcci\u00f3n: Ctra. de Utrera, km. 1, 41013, SevillaEdificio 44, 1\u00aa planta, oficina 22Tel\u00e9fono: +34 954 97 81 32Email: ptyp.upo@gmail.com Finalidad del TratamientoLos datos [&hellip;]\" \/>\n<meta property=\"og:url\" content=\"https:\/\/www.upo.es\/observatoriourbanolucena\/privacidad\/\" \/>\n<meta property=\"og:site_name\" content=\"Observatorio Urbano de Lucena\" \/>\n<meta property=\"article:modified_time\" content=\"2024-10-18T12:10:31+00:00\" \/>\n<meta name=\"twitter:card\" content=\"summary_large_image\" \/>\n<meta name=\"twitter:label1\" content=\"Tiempo de lectura\" \/>\n\t<meta name=\"twitter:data1\" content=\"2 minutos\" \/>\n<script type=\"application\/ld+json\" class=\"yoast-schema-graph\">{\"@context\":\"https:\/\/schema.org\",\"@graph\":[{\"@type\":\"WebPage\",\"@id\":\"https:\/\/www.upo.es\/observatoriourbanolucena\/privacidad\/\",\"url\":\"https:\/\/www.upo.es\/observatoriourbanolucena\/privacidad\/\",\"name\":\"Pol\u00edtica de Privacidad - Observatorio Urbano de Lucena\",\"isPartOf\":{\"@id\":\"https:\/\/www.upo.es\/observatoriourbanolucena\/#website\"},\"datePublished\":\"2024-09-18T12:46:23+00:00\",\"dateModified\":\"2024-10-18T12:10:31+00:00\",\"breadcrumb\":{\"@id\":\"https:\/\/www.upo.es\/observatoriourbanolucena\/privacidad\/#breadcrumb\"},\"inLanguage\":\"es\",\"potentialAction\":[{\"@type\":\"ReadAction\",\"target\":[\"https:\/\/www.upo.es\/observatoriourbanolucena\/privacidad\/\"]}]},{\"@type\":\"BreadcrumbList\",\"@id\":\"https:\/\/www.upo.es\/observatoriourbanolucena\/privacidad\/#breadcrumb\",\"itemListElement\":[{\"@type\":\"ListItem\",\"position\":1,\"name\":\"Portada\",\"item\":\"https:\/\/www.upo.es\/observatoriourbanolucena\/\"},{\"@type\":\"ListItem\",\"position\":2,\"name\":\"Pol\u00edtica de Privacidad\"}]},{\"@type\":\"WebSite\",\"@id\":\"https:\/\/www.upo.es\/observatoriourbanolucena\/#website\",\"url\":\"https:\/\/www.upo.es\/observatoriourbanolucena\/\",\"name\":\"Observatorio Urbano de Lucena\",\"description\":\"\",\"publisher\":{\"@id\":\"https:\/\/www.upo.es\/observatoriourbanolucena\/#organization\"},\"potentialAction\":[{\"@type\":\"SearchAction\",\"target\":{\"@type\":\"EntryPoint\",\"urlTemplate\":\"https:\/\/www.upo.es\/observatoriourbanolucena\/?s={search_term_string}\"},\"query-input\":{\"@type\":\"PropertyValueSpecification\",\"valueRequired\":true,\"valueName\":\"search_term_string\"}}],\"inLanguage\":\"es\"},{\"@type\":\"Organization\",\"@id\":\"https:\/\/www.upo.es\/observatoriourbanolucena\/#organization\",\"name\":\"Observatorio Urbano de Lucena\",\"url\":\"https:\/\/www.upo.es\/observatoriourbanolucena\/\",\"logo\":{\"@type\":\"ImageObject\",\"inLanguage\":\"es\",\"@id\":\"https:\/\/www.upo.es\/observatoriourbanolucena\/#\/schema\/logo\/image\/\",\"url\":\"https:\/\/www.upo.es\/observatoriourbanolucena\/wp-content\/uploads\/2024\/11\/observatorio-lu-mainlogo.svg\",\"contentUrl\":\"https:\/\/www.upo.es\/observatoriourbanolucena\/wp-content\/uploads\/2024\/11\/observatorio-lu-mainlogo.svg\",\"width\":434,\"height\":434,\"caption\":\"Observatorio Urbano de Lucena\"},\"image\":{\"@id\":\"https:\/\/www.upo.es\/observatoriourbanolucena\/#\/schema\/logo\/image\/\"}}]}<\/script>\n<!-- \/ Yoast SEO plugin. -->","yoast_head_json":{"title":"Pol\u00edtica de Privacidad - Observatorio Urbano de Lucena","robots":{"index":"index","follow":"follow","max-snippet":"max-snippet:-1","max-image-preview":"max-image-preview:large","max-video-preview":"max-video-preview:-1"},"canonical":"https:\/\/www.upo.es\/observatoriourbanolucena\/privacidad\/","og_locale":"es_ES","og_type":"article","og_title":"Pol\u00edtica de Privacidad - Observatorio Urbano de Lucena","og_description":"Responsable del TratamientoEl responsable de los datos recogidos en el Observatorio Urbano de Lucena es UPO Metr\u00f3poli, perteneciente al Grupo de Investigaci\u00f3n Pol\u00edtica, Territorio y Participaci\u00f3n (SEJ-499) de la Universidad Pablo de Olavide.Direcci\u00f3n: Ctra. de Utrera, km. 1, 41013, SevillaEdificio 44, 1\u00aa planta, oficina 22Tel\u00e9fono: +34 954 97 81 32Email: ptyp.upo@gmail.com Finalidad del TratamientoLos datos [&hellip;]","og_url":"https:\/\/www.upo.es\/observatoriourbanolucena\/privacidad\/","og_site_name":"Observatorio Urbano de Lucena","article_modified_time":"2024-10-18T12:10:31+00:00","twitter_card":"summary_large_image","twitter_misc":{"Tiempo de lectura":"2 minutos"},"schema":{"@context":"https:\/\/schema.org","@graph":[{"@type":"WebPage","@id":"https:\/\/www.upo.es\/observatoriourbanolucena\/privacidad\/","url":"https:\/\/www.upo.es\/observatoriourbanolucena\/privacidad\/","name":"Pol\u00edtica de Privacidad - Observatorio Urbano de Lucena","isPartOf":{"@id":"https:\/\/www.upo.es\/observatoriourbanolucena\/#website"},"datePublished":"2024-09-18T12:46:23+00:00","dateModified":"2024-10-18T12:10:31+00:00","breadcrumb":{"@id":"https:\/\/www.upo.es\/observatoriourbanolucena\/privacidad\/#breadcrumb"},"inLanguage":"es","potentialAction":[{"@type":"ReadAction","target":["https:\/\/www.upo.es\/observatoriourbanolucena\/privacidad\/"]}]},{"@type":"BreadcrumbList","@id":"https:\/\/www.upo.es\/observatoriourbanolucena\/privacidad\/#breadcrumb","itemListElement":[{"@type":"ListItem","position":1,"name":"Portada","item":"https:\/\/www.upo.es\/observatoriourbanolucena\/"},{"@type":"ListItem","position":2,"name":"Pol\u00edtica de Privacidad"}]},{"@type":"WebSite","@id":"https:\/\/www.upo.es\/observatoriourbanolucena\/#website","url":"https:\/\/www.upo.es\/observatoriourbanolucena\/","name":"Observatorio Urbano de Lucena","description":"","publisher":{"@id":"https:\/\/www.upo.es\/observatoriourbanolucena\/#organization"},"potentialAction":[{"@type":"SearchAction","target":{"@type":"EntryPoint","urlTemplate":"https:\/\/www.upo.es\/observatoriourbanolucena\/?s={search_term_string}"},"query-input":{"@type":"PropertyValueSpecification","valueRequired":true,"valueName":"search_term_string"}}],"inLanguage":"es"},{"@type":"Organization","@id":"https:\/\/www.upo.es\/observatoriourbanolucena\/#organization","name":"Observatorio Urbano de Lucena","url":"https:\/\/www.upo.es\/observatoriourbanolucena\/","logo":{"@type":"ImageObject","inLanguage":"es","@id":"https:\/\/www.upo.es\/observatoriourbanolucena\/#\/schema\/logo\/image\/","url":"https:\/\/www.upo.es\/observatoriourbanolucena\/wp-content\/uploads\/2024\/11\/observatorio-lu-mainlogo.svg","contentUrl":"https:\/\/www.upo.es\/observatoriourbanolucena\/wp-content\/uploads\/2024\/11\/observatorio-lu-mainlogo.svg","width":434,"height":434,"caption":"Observatorio Urbano de Lucena"},"image":{"@id":"https:\/\/www.upo.es\/observatoriourbanolucena\/#\/schema\/logo\/image\/"}}]}},"_links":{"self":[{"href":"https:\/\/www.upo.es\/observatoriourbanolucena\/wp-json\/wp\/v2\/pages\/582","targetHints":{"allow":["GET"]}}],"collection":[{"href":"https:\/\/www.upo.es\/observatoriourbanolucena\/wp-json\/wp\/v2\/pages"}],"about":[{"href":"https:\/\/www.upo.es\/observatoriourbanolucena\/wp-json\/wp\/v2\/types\/page"}],"author":[{"embeddable":true,"href":"https:\/\/www.upo.es\/observatoriourbanolucena\/wp-json\/wp\/v2\/users\/2"}],"replies":[{"embeddable":true,"href":"https:\/\/www.upo.es\/observatoriourbanolucena\/wp-json\/wp\/v2\/comments?post=582"}],"version-history":[{"count":14,"href":"https:\/\/www.upo.es\/observatoriourbanolucena\/wp-json\/wp\/v2\/pages\/582\/revisions"}],"predecessor-version":[{"id":1934,"href":"https:\/\/www.upo.es\/observatoriourbanolucena\/wp-json\/wp\/v2\/pages\/582\/revisions\/1934"}],"wp:attachment":[{"href":"https:\/\/www.upo.es\/observatoriourbanolucena\/wp-json\/wp\/v2\/media?parent=582"}],"curies":[{"name":"wp","href":"https:\/\/api.w.org\/{rel}","templated":true}]}}