{"id":10367,"date":"2025-11-29T12:40:18","date_gmt":"2025-11-29T12:40:18","guid":{"rendered":"https:\/\/www.upo.es\/patio-colorado\/?page_id=10367"},"modified":"2026-01-23T20:06:23","modified_gmt":"2026-01-23T20:06:23","slug":"num-00-2022","status":"publish","type":"page","link":"https:\/\/www.upo.es\/patio-colorado\/nuestra-revista\/numeros\/num-00-2022\/","title":{"rendered":"N\u00fam. 00 (2022)"},"content":{"rendered":"<h5 class=\"wp-block-heading has-text-align-center\" style=\"text-align: center;\"><strong><a href=\"https:\/\/www.upo.es\/patio-colorado\/nuestra-revista\/numeros-anteriores\/portada-num-00-2022-el-patio-colorao-1_page-0001\/\" rel=\"attachment wp-att-8965\"><img loading=\"lazy\" decoding=\"async\" class=\" wp-image-8965 alignleft\" src=\"https:\/\/www.upo.es\/patio-colorado\/wp-content\/uploads\/2025\/02\/PORTADA-Num.-00-2022-El-Patio-Colorao-1_page-0001-723x1024.jpg\" alt=\"\" width=\"609\" height=\"863\" srcset=\"https:\/\/www.upo.es\/patio-colorado\/wp-content\/uploads\/2025\/02\/PORTADA-Num.-00-2022-El-Patio-Colorao-1_page-0001-723x1024.jpg 723w, https:\/\/www.upo.es\/patio-colorado\/wp-content\/uploads\/2025\/02\/PORTADA-Num.-00-2022-El-Patio-Colorao-1_page-0001-212x300.jpg 212w, https:\/\/www.upo.es\/patio-colorado\/wp-content\/uploads\/2025\/02\/PORTADA-Num.-00-2022-El-Patio-Colorao-1_page-0001-768x1087.jpg 768w, https:\/\/www.upo.es\/patio-colorado\/wp-content\/uploads\/2025\/02\/PORTADA-Num.-00-2022-El-Patio-Colorao-1_page-0001-1085x1536.jpg 1085w, https:\/\/www.upo.es\/patio-colorado\/wp-content\/uploads\/2025\/02\/PORTADA-Num.-00-2022-El-Patio-Colorao-1_page-0001-1446x2048.jpg 1446w, https:\/\/www.upo.es\/patio-colorado\/wp-content\/uploads\/2025\/02\/PORTADA-Num.-00-2022-El-Patio-Colorao-1_page-0001-scaled.jpg 1808w\" sizes=\"auto, (max-width: 609px) 100vw, 609px\" \/><\/a><\/strong><\/h5>\n<p>Fruto del crecimiento de <em>El Bolet\u00edn Colorao<\/em>, nace la revista <em>El Patio Colorao<\/em> como un espacio para despertar el inter\u00e9s por el arte, la cultura y el patrimonio desde la universidad, con una mirada abierta, plural y comprometida con el territorio.<\/p>\n<p>Re\u00fane seis contribuciones distribuidas en dos secciones:<\/p>\n<p>La primera, \u00ab<strong>Despertando a la investigaci\u00f3n<\/strong>\u00bb, aborda distintos ejemplos del patrimonio art\u00edstico y material andaluz. A trav\u00e9s del estudio de la Iglesia Conventual del Corpus Christi, el relicario de la Colegiata de Santa Mar\u00eda de las Nieves de Olivares y el patrimonio salinero andaluz, esta secci\u00f3n ofrece un recorrido por manifestaciones patrimoniales diversas y pone en valor su relevancia hist\u00f3rica, art\u00edstica y cultural.<\/p>\n<p>La segunda, \u00ab<strong>Historias y mucho m\u00e1s<\/strong>\u00bb, abre un espacio a la creaci\u00f3n literaria mediante relatos breves y microcuentos que transmiten lo cotidiano, lo emocional y lo simb\u00f3lico, y demuestran c\u00f3mo la palabra escrita tambi\u00e9n construye y transmite patrimonio.<\/p>\n<p>Much\u00edsimas gracias a todas las personas que hicieron posible este primer n\u00famero y sentaron las bases de <em>El Patio Colorao<\/em>.<\/p>\n<p>\u00a1Feliz lectura!<\/p>\n<hr \/>\n<h3 class=\"wp-block-heading has-text-align-center\" style=\"text-align: left;\">COMIT\u00c9 EDITORIAL<strong><br \/>\n<\/strong><\/h3>\n<p class=\"has-text-align-center\" style=\"text-align: left;\"><strong>Direcci\u00f3n <\/strong>Eva Jim\u00e9nez Jurado |\u00a0<strong>Coordinaci\u00f3n <\/strong>Juan Navarro Carmona, David G. Rodr\u00edguez Guti\u00e9rrez<\/p>\n<p class=\"has-text-align-center\" style=\"text-align: left;\"><strong>Maquetaci\u00f3n y dise\u00f1o <\/strong>Eva Jim\u00e9nez Jurado<\/p>\n<hr \/>\n<h1 style=\"text-align: center;\"><span style=\"color: #b44320;\">\ud83d\udfd0\u00a0<a style=\"color: #b44320;\" href=\"https:\/\/www.upo.es\/patio-colorado\/wp-content\/uploads\/2022\/07\/Boletin-El-Patio-Colorao.pdf\" target=\"_blank\" rel=\"noopener\">N\u00fam. 00 (2022) PDF completo<\/a>\u00a0\ud83d\udfd0<\/span><\/h1>\n<hr \/>\n<h1><span style=\"color: #b44320;\"><strong>| <\/strong>Art\u00edculos<\/span><\/h1>\n<h3><em><span style=\"color: #ad1519;\">Despertando a la investigaci\u00f3n<\/span><\/em><\/h3>\n<p style=\"text-align: left;\"><span style=\"color: #b44320;\">\ud83d\udfd0 <\/span>Campillo Ruiz, Estefan\u00eda. \u00abIglesia Conventual del Corpus Christi\u00bb. <em>El Patio Colorao. Una revista de arte para una tierra con arte<\/em> n.\u00ba 00 (2022): 4-17.<\/p>\n<p style=\"padding-left: 40px;\"><span style=\"color: #b44320;\"><a style=\"color: #b44320;\" href=\"https:\/\/www.upo.es\/investiga\/enredars\/wp-content\/uploads\/2024\/11\/00-01_Campillo-Ruiz.pdf\" target=\"_blank\" rel=\"noopener\">PDF<\/a><\/span><\/p>\n<p><span style=\"color: #b44320;\">\ud83d\udfd0 <\/span>Cot\u00e1n Pallares, Roc\u00edo. \u00abRelicario de la colegiata de Santa Mar\u00eda de las Nieves de Olivares y su importancia\u00bb. <em>El Patio Colorao. Una revista de arte para una tierra con arte <\/em>n.\u00ba 00 (2022): 18-25.<\/p>\n<p style=\"padding-left: 40px;\"><span style=\"color: #b44320;\"><a style=\"color: #b44320;\" href=\"https:\/\/www.upo.es\/investiga\/enredars\/wp-content\/uploads\/2024\/11\/00-02_Cotan-Pallares.pdf\" target=\"_blank\" rel=\"noopener\">PDF<\/a><\/span><\/p>\n<p><span style=\"color: #b44320;\">\ud83d\udfd0 <\/span>Rodr\u00edguez Guti\u00e9rrez, David G. \u00abPatrimonio salinero andaluz\u00bb. <em>El Patio Colorao. Una revista de arte para una tierra con arte <\/em>n.\u00ba 00 (2022): 26-37.<\/p>\n<p style=\"padding-left: 40px;\"><span style=\"color: #b44320;\"><a style=\"color: #b44320;\" href=\"https:\/\/www.upo.es\/investiga\/enredars\/wp-content\/uploads\/2024\/11\/00-03_Rodriguez-Gutierrez.pdf\" target=\"_blank\" rel=\"noopener\">PDF<\/a><\/span><\/p>\n<h1 style=\"text-align: center;\"><span style=\"color: #b44320;\"><strong><span class=\"gs_tkn show\">\u2014<\/span><\/strong>\ud83d\udfd0\ud83d\udfd0\ud83d\udfd0<strong><span class=\"gs_tkn show\">\u2014<\/span><\/strong><\/span><\/h1>\n<h3><span style=\"color: #b44320;\"><em>Historias y mucho m\u00e1s<\/em><\/span><\/h3>\n<p><span style=\"color: #b44320;\">\ud83d\udfd0 <\/span>Jim\u00e9nez Jurado, Eva. \u00abSe lo dir\u00e9 ma\u00f1ana\u00bb. <em>El Patio Colorao. Una revista de arte para una tierra con arte <\/em>n.\u00ba 00 (2022): 39.<\/p>\n<p style=\"padding-left: 40px;\"><span style=\"color: #b44320;\"><a style=\"color: #b44320;\" href=\"https:\/\/www.upo.es\/investiga\/enredars\/wp-content\/uploads\/2024\/11\/00-04_Jimenez-Jurado.pdf\" target=\"_blank\" rel=\"noopener\">PDF<\/a><\/span><\/p>\n<p><span style=\"color: #b44320;\">\ud83d\udfd0 <\/span>Navarro Carmona, Juan. \u00ab\u00a1Influenciados! (Microcuento)\u00bb. <em>El Patio Colorao. Una revista de arte para una tierra con arte <\/em>n.\u00ba 00 (2022): 40.<\/p>\n<p style=\"padding-left: 40px;\"><span style=\"color: #b44320;\"><a style=\"color: #b44320;\" href=\"https:\/\/www.upo.es\/investiga\/enredars\/wp-content\/uploads\/2024\/11\/00-05_Navarro-Carmona.pdf\" target=\"_blank\" rel=\"noopener\">PDF<\/a><\/span><\/p>\n<p><span style=\"color: #b44320;\">\ud83d\udfd0 <\/span>Rodr\u00edguez Guti\u00e9rrez, David G. \u00abTr\u00e1mite sentimental\u00bb. <em>El Patio Colorao. Una revista de arte para una tierra con arte <\/em>n.\u00ba 00 (2022): 41.<\/p>\n<p style=\"padding-left: 40px;\"><span style=\"color: #b44320;\"><a style=\"color: #b44320;\" href=\"https:\/\/www.upo.es\/investiga\/enredars\/wp-content\/uploads\/2024\/11\/00-06_Rodriguez-Gutierrez.pdf\" target=\"_blank\" rel=\"noopener\">PDF<\/a><\/span><\/p>\n<p class=\"brz-root__container\">\n","protected":false},"excerpt":{"rendered":"<p>El Patio Colorao. Una revista de arte para una tierra con arte<\/p>\n","protected":false},"author":1,"featured_media":0,"parent":5789,"menu_order":0,"comment_status":"closed","ping_status":"closed","template":"","meta":{"_acf_changed":false,"_monsterinsights_skip_tracking":false,"_monsterinsights_sitenote_active":false,"_monsterinsights_sitenote_note":"","_monsterinsights_sitenote_category":0,"footnotes":""},"class_list":["post-10367","page","type-page","status-publish","hentry"],"blocksy_meta":[],"acf":[],"_links":{"self":[{"href":"https:\/\/www.upo.es\/patio-colorado\/wp-json\/wp\/v2\/pages\/10367","targetHints":{"allow":["GET"]}}],"collection":[{"href":"https:\/\/www.upo.es\/patio-colorado\/wp-json\/wp\/v2\/pages"}],"about":[{"href":"https:\/\/www.upo.es\/patio-colorado\/wp-json\/wp\/v2\/types\/page"}],"author":[{"embeddable":true,"href":"https:\/\/www.upo.es\/patio-colorado\/wp-json\/wp\/v2\/users\/1"}],"replies":[{"embeddable":true,"href":"https:\/\/www.upo.es\/patio-colorado\/wp-json\/wp\/v2\/comments?post=10367"}],"version-history":[{"count":7,"href":"https:\/\/www.upo.es\/patio-colorado\/wp-json\/wp\/v2\/pages\/10367\/revisions"}],"predecessor-version":[{"id":10706,"href":"https:\/\/www.upo.es\/patio-colorado\/wp-json\/wp\/v2\/pages\/10367\/revisions\/10706"}],"up":[{"embeddable":true,"href":"https:\/\/www.upo.es\/patio-colorado\/wp-json\/wp\/v2\/pages\/5789"}],"wp:attachment":[{"href":"https:\/\/www.upo.es\/patio-colorado\/wp-json\/wp\/v2\/media?parent=10367"}],"curies":[{"name":"wp","href":"https:\/\/api.w.org\/{rel}","templated":true}]}}