{"id":10712,"date":"2026-01-24T11:15:24","date_gmt":"2026-01-24T11:15:24","guid":{"rendered":"https:\/\/www.upo.es\/patio-colorado\/?page_id=10712"},"modified":"2026-01-24T11:28:03","modified_gmt":"2026-01-24T11:28:03","slug":"i-edicion","status":"publish","type":"page","link":"https:\/\/www.upo.es\/patio-colorado\/nuestra-revista\/congreso\/i-edicion\/","title":{"rendered":"I Edici\u00f3n"},"content":{"rendered":"<p><i>El Patio Colorao. Revista de arte para una tierra con arte<\/i> organiza el<strong> I Congreso &#8216;Las Columnas del Tiempo. Ecos de Patrimonio Andaluz&#8217;,<\/strong> con la <strong>colaboraci\u00f3n<\/strong> de <a href=\"https:\/\/www.upo.es\/investiga\/enredars\/\" rel=\"home\">Enredars Publicaciones<\/a>, el <a href=\"https:\/\/www.upo.es\/area-historia-arte\/\">\u00c1rea de Historia del Arte<\/a> y la <a href=\"https:\/\/www.upo.es\/facultad-humanidades\/es\/\">Facultad de Humanidades <\/a>de la <a href=\"https:\/\/www.upo.es\/portal\/impe\/web\/portada\/index.html\">Universidad Pablo de Olavide<\/a>.<\/p>\n<p>Est\u00e1 dirigido a todo el estudiantado de la facultad. Ser\u00e1 un espacio de di\u00e1logo y reflexi\u00f3n sobre <strong>arte y patrimonio andaluz<\/strong> en el que las personas interesadas podr\u00e1n compartir sus <strong>investigaciones ya publicadas o en proceso de publicaci\u00f3n en\u00a0<em data-start=\"839\" data-end=\"857\">El Patio Colorao<\/em>.<\/strong> Adem\u00e1s, brindamos la oportunidad de<strong> presentar o practicar la defensa de Trabajos Fin de Grado (TFG) y M\u00e1ster (TFM) <\/strong>que tengan relaci\u00f3n con la tem\u00e1tica de la revista.<\/p>\n<p>&nbsp;<\/p>\n<p><i><a href=\"https:\/\/www.upo.es\/patio-colorado\/nuestra-revista\/congreso\/i-edicion\/cartel-congreso-lcdtedpa\/\" rel=\"attachment wp-att-10717\"><img loading=\"lazy\" decoding=\"async\" class=\"wp-image-10717 alignnone\" src=\"https:\/\/www.upo.es\/patio-colorado\/wp-content\/uploads\/2026\/01\/Cartel-Congreso-LCdTEdPA-724x1024.jpg\" alt=\"\" width=\"617\" height=\"873\" srcset=\"https:\/\/www.upo.es\/patio-colorado\/wp-content\/uploads\/2026\/01\/Cartel-Congreso-LCdTEdPA-724x1024.jpg 724w, https:\/\/www.upo.es\/patio-colorado\/wp-content\/uploads\/2026\/01\/Cartel-Congreso-LCdTEdPA-212x300.jpg 212w, https:\/\/www.upo.es\/patio-colorado\/wp-content\/uploads\/2026\/01\/Cartel-Congreso-LCdTEdPA-768x1086.jpg 768w, https:\/\/www.upo.es\/patio-colorado\/wp-content\/uploads\/2026\/01\/Cartel-Congreso-LCdTEdPA-1086x1536.jpg 1086w, https:\/\/www.upo.es\/patio-colorado\/wp-content\/uploads\/2026\/01\/Cartel-Congreso-LCdTEdPA-1448x2048.jpg 1448w, https:\/\/www.upo.es\/patio-colorado\/wp-content\/uploads\/2026\/01\/Cartel-Congreso-LCdTEdPA.jpg 1587w\" sizes=\"auto, (max-width: 617px) 100vw, 617px\" \/><\/a><a href=\"https:\/\/www.upo.es\/patio-colorado\/nuestra-revista\/congreso\/i-edicion\/cartel-programa-congreso-lcdtedpa\/\" rel=\"attachment wp-att-10718\"><img loading=\"lazy\" decoding=\"async\" class=\"wp-image-10718 alignright\" src=\"https:\/\/www.upo.es\/patio-colorado\/wp-content\/uploads\/2026\/01\/Cartel-Programa-Congreso-LCdTEdPA--819x1024.png\" alt=\"\" width=\"704\" height=\"880\" srcset=\"https:\/\/www.upo.es\/patio-colorado\/wp-content\/uploads\/2026\/01\/Cartel-Programa-Congreso-LCdTEdPA--819x1024.png 819w, https:\/\/www.upo.es\/patio-colorado\/wp-content\/uploads\/2026\/01\/Cartel-Programa-Congreso-LCdTEdPA--240x300.png 240w, https:\/\/www.upo.es\/patio-colorado\/wp-content\/uploads\/2026\/01\/Cartel-Programa-Congreso-LCdTEdPA--768x960.png 768w, https:\/\/www.upo.es\/patio-colorado\/wp-content\/uploads\/2026\/01\/Cartel-Programa-Congreso-LCdTEdPA-.png 1080w\" sizes=\"auto, (max-width: 704px) 100vw, 704px\" \/><\/a><\/i><\/p>\n<h1 style=\"text-align: center;\" data-start=\"1676\" data-end=\"1780\"><\/h1>\n","protected":false},"excerpt":{"rendered":"<p>CONGRESO &#8216;LAS COLUMNAS DEL TIEMPO. ECOS DE PATRIMONIO ANDALUZ&#8217;<\/p>\n","protected":false},"author":1,"featured_media":0,"parent":9252,"menu_order":0,"comment_status":"closed","ping_status":"closed","template":"","meta":{"_acf_changed":false,"_monsterinsights_skip_tracking":false,"_monsterinsights_sitenote_active":false,"_monsterinsights_sitenote_note":"","_monsterinsights_sitenote_category":0,"footnotes":""},"class_list":["post-10712","page","type-page","status-publish","hentry"],"blocksy_meta":[],"acf":[],"_links":{"self":[{"href":"https:\/\/www.upo.es\/patio-colorado\/wp-json\/wp\/v2\/pages\/10712","targetHints":{"allow":["GET"]}}],"collection":[{"href":"https:\/\/www.upo.es\/patio-colorado\/wp-json\/wp\/v2\/pages"}],"about":[{"href":"https:\/\/www.upo.es\/patio-colorado\/wp-json\/wp\/v2\/types\/page"}],"author":[{"embeddable":true,"href":"https:\/\/www.upo.es\/patio-colorado\/wp-json\/wp\/v2\/users\/1"}],"replies":[{"embeddable":true,"href":"https:\/\/www.upo.es\/patio-colorado\/wp-json\/wp\/v2\/comments?post=10712"}],"version-history":[{"count":4,"href":"https:\/\/www.upo.es\/patio-colorado\/wp-json\/wp\/v2\/pages\/10712\/revisions"}],"predecessor-version":[{"id":10722,"href":"https:\/\/www.upo.es\/patio-colorado\/wp-json\/wp\/v2\/pages\/10712\/revisions\/10722"}],"up":[{"embeddable":true,"href":"https:\/\/www.upo.es\/patio-colorado\/wp-json\/wp\/v2\/pages\/9252"}],"wp:attachment":[{"href":"https:\/\/www.upo.es\/patio-colorado\/wp-json\/wp\/v2\/media?parent=10712"}],"curies":[{"name":"wp","href":"https:\/\/api.w.org\/{rel}","templated":true}]}}