{"id":11,"date":"2020-01-31T08:55:43","date_gmt":"2020-01-31T08:55:43","guid":{"rendered":"http:\/\/patiocolorao.org\/?page_id=7"},"modified":"2026-01-27T11:32:09","modified_gmt":"2026-01-27T11:32:09","slug":"nosotros","status":"publish","type":"page","link":"https:\/\/www.upo.es\/patio-colorado\/acerca-de\/nosotros\/","title":{"rendered":"Qui\u00e9nes somos"},"content":{"rendered":"<h1><span style=\"color: #b44320;\"><strong>| <\/strong>El origen del proyecto: <em>El Bolet\u00edn Colorao<\/em><\/span><\/h1>\n<p data-pm-slice=\"1 1 []\"><a href=\"https:\/\/www.upo.es\/patio-colorado\/\"><em>El Patio Colorao<\/em> <\/a>surgi\u00f3 como una iniciativa de la asignatura \u00abArte y Patrimonio\u00bb del Grado en Humanidades y el Doble Grado en Humanidades y Traducci\u00f3n e Interpretaci\u00f3n de la Universidad Pablo de Olavide. <a href=\"https:\/\/www.upo.es\/patio-colorado\/category\/boletin-colorao\/\"><em>El Bolet\u00edn Colorao<\/em><\/a> es el origen de nuestro proyecto: naci\u00f3 el 29 de enero de 2020 como un peri\u00f3dico digital cuyo prop\u00f3sito era preservar y poner en valor la cultura sevillana. Con el tiempo, se consolid\u00f3 como una plataforma dedicada a la difusi\u00f3n y visibilizaci\u00f3n del patrimonio cultural de toda Andaluc\u00eda.<\/p>\n<hr \/>\n<h1><span style=\"color: #b44320;\"><strong>| <\/strong><strong>Nuevos comienzos: la revista <em>El Patio Colorao<\/em><\/strong><\/span><\/h1>\n<p>Fruto del crecimiento de <em>El Bolet\u00edn Colorao<\/em>, en junio de 2022 naci\u00f3\u00a0<em>El Patio Colorao: una revista de arte para una tierra con arte<\/em>, cuyo n\u00famero 00 inaugur\u00f3 este camino.<\/p>\n<p>Aunque la revista no tuvo una continuidad inmediata, en 2024 un nuevo grupo retomamos el proyecto, no solo como parte de nuestra formaci\u00f3n acad\u00e9mica, sino tambi\u00e9n como respuesta a un inter\u00e9s genuino por investigar y difundir el arte y el patrimonio andaluz, especialmente el de sus pueblos: aquellos que, con el tiempo, han quedado a la sombra de los destinos m\u00e1s tur\u00edsticos y de las grandes ciudades. As\u00ed publicamos el segundo n\u00famero (N\u00fam. 01): <em><a href=\"https:\/\/www.upo.es\/patio-colorado\/nuestra-revista\/numeros\/num-01-2024\/\">El Patio Colorao. Revista de arte para una tierra con arte<\/a>. <\/em>Ese esp\u00edritu es el que ilumina nuestro patio y ha unido a buena parte del equipo del n\u00famero 01 para avanzar en la misma direcci\u00f3n en este n\u00famero 02 y en los que vendr\u00e1n: <a style=\"color: #b44320;\" href=\"https:\/\/www.upo.es\/patio-colorado\/nuestra-revista\/\"><em>El Patio Colorao. Revista de arte y patrimonio andaluz<\/em><\/a>.<\/p>\n<p data-start=\"109\" data-end=\"510\">Actualmente, nuestra revista es una publicaci\u00f3n acad\u00e9mica anual y Open Access, dedicada al arte y al patrimonio andaluz. Est\u00e1 vinculada a Enredars Publicaciones y al \u00c1rea de Historia del Arte de la Facultad de Humanidades de la Universidad Pablo de Olavide.<\/p>\n<p data-start=\"512\" data-end=\"662\">La revista se publica en formato digital y est\u00e1 abierta a la participaci\u00f3n del estudiantado y de toda la comunidad universitaria.<\/p>\n<h1 style=\"text-align: center;\"><span style=\"color: #b44320;\"><strong><span class=\"gs_tkn show\">\u2014<\/span>\ud83d\udfd0\ud83d\udfd0\ud83d\udfd0<span class=\"gs_tkn show\">\u2014<\/span><\/strong><\/span><\/h1>\n<h1><span style=\"color: #b44320;\"><strong>| <\/strong>Equipo editorial<\/span><\/h1>\n<h2><strong>Direcci\u00f3n\u00a0<\/strong><\/h2>\n<ul>\n<li>Henar L\u00f3pez Gonz\u00e1lez, <a href=\"https:\/\/orcid.org\/0009-0003-4017-8305\">https:\/\/orcid.org\/0009-0003-4017-8305<\/a><\/li>\n<li>Juan L\u00f3pez Iglesias, <a href=\"https:\/\/orcid.org\/0009-0003-5729-4425\">https:\/\/orcid.org\/0009-0003-5729-4425<\/a><\/li>\n<li>Roc\u00edo Ortiz Blanquero, <a href=\"https:\/\/orcid.org\/0009-0000-1089-0498\">https:\/\/orcid.org\/0009-0000-1089-0498<\/a><\/li>\n<\/ul>\n<h2><strong>Coordinaci\u00f3n<\/strong><\/h2>\n<ul>\n<li>Fernando Quiles Garc\u00eda, Universidad Pablo de Olavide, Sevilla (Espa\u00f1a) <a href=\"https:\/\/orcid.org\/0000-0003-0946-3012\">https:\/\/orcid.org\/0000-0003-0946-3012<\/a><\/li>\n<\/ul>\n<h2>Editores<\/h2>\n<ul>\n<li>Luc\u00eda Carbonell Mart\u00edn<\/li>\n<li>Martina Luque V\u00e1zquez<\/li>\n<li>Miguel Fern\u00e1ndez Iruzubieta<\/li>\n<li>Sara Gamero Pocostales<\/li>\n<\/ul>\n<h2><strong>Comit\u00e9 cient\u00edfico<\/strong><\/h2>\n<ul>\n<li>Alberto Marina Castillo, Universidad Pablo de Olavide, Sevilla (Espa\u00f1a)<\/li>\n<li>Ana Mar\u00eda Aranda Bernal, Universidad Pablo de Olavide, Sevilla (Espa\u00f1a)<\/li>\n<li>Crist\u00f3bal Jos\u00e9 \u00c1lvarez L\u00f3pez, Universidad Pablo de Olavide, Sevilla (Espa\u00f1a)<\/li>\n<li>Desir\u00e9e del Mar Avil\u00e9s M\u00e1rquez, Universidad Pablo de Olavide, Sevilla (Espa\u00f1a)<\/li>\n<li>Elena Mu\u00f1iz Grijalvo, Universidad Pablo de Olavide, Sevilla (Espa\u00f1a)<\/li>\n<li>Marta Cuevas Caballero, Universidad Pablo de Olavide, Sevilla (Espa\u00f1a)<\/li>\n<li>Miguel Cisneros Perales, Universidad Complutense de Madrid (Espa\u00f1a)<\/li>\n<li>Ra\u00fal Fern\u00e1ndez S\u00e1nchez-Alarcos, Universidad Pablo de Olavide, Sevilla (Espa\u00f1a)<\/li>\n<li>Rosario Moreno Soldevila, Universidad Pablo de Olavide, Sevilla (Espa\u00f1a)<\/li>\n<li>Victoria S\u00e1nchez Mellado, Universidad Pablo de Olavide, Sevilla (Espa\u00f1a)<\/li>\n<li>Zara Ruiz Romero, Universidad de Sevilla (Espa\u00f1a)<\/li>\n<\/ul>\n<h2><strong>Componentes anteriores:\u00a0<\/strong><\/h2>\n<ul>\n<li><strong>Parte del equipo directivo y de revisi\u00f3n N\u00fam. 02 (2025):<\/strong> Mar\u00eda Hern\u00e1ndez Mac\u00edas.<\/li>\n<li><strong>Editora N\u00fam. <\/strong><strong>01 (2024): <\/strong>Alejandra D\u00edaz Moreno.<\/li>\n<\/ul>\n<h1 style=\"text-align: center;\"><\/h1>\n<hr \/>\n<h1><span style=\"color: #b44320;\"><strong>| <\/strong><\/span><span style=\"color: #b44320;\"><strong>Equipo fundador (2020-2022)<\/strong><\/span><\/h1>\n<h2><strong>Direcci\u00f3n<\/strong><\/h2>\n<ul>\n<li>Fernando Quiles Garc\u00eda<\/li>\n<li>Alejandro Orozco De Sancha<\/li>\n<\/ul>\n<h2><strong>Coordinaci\u00f3n<\/strong><\/h2>\n<ul>\n<li><strong>2020 &#8211; 2021:<\/strong> Clara Mellado Pe\u00f1a; Sara P\u00e9rez Carrillo<\/li>\n<li><strong>2021 &#8211; 2022:<\/strong> Eva Jim\u00e9nez Jurado; Juan Navarro Carmona<\/li>\n<\/ul>\n<h2><strong>Editor<\/strong><\/h2>\n<ul>\n<li>Alejandro Orozco De Sancha<\/li>\n<\/ul>\n<h2><strong>Corresponsales<\/strong><\/h2>\n<ul>\n<li><strong>2020 &#8211; 2021:<\/strong> Isabel Alfonso Mo\u00f1ino; Carlos Usabiaga P\u00e9rez; Carmen Campoy Diaz; Ver\u00f3nica Serrazanatti; Cristina Santiago Rodr\u00edguez; Ana L\u00f3pez P\u00e9rez; Andrea Luqui\u00f1o Fern\u00e1ndez; Roc\u00edo Concha G\u00f3mez; Alba Izquierdo Racero; Concha P\u00e9rez Carrasco; Laura Garc\u00eda P\u00e9rez<\/li>\n<li><strong>2021 &#8211; 2022:<\/strong> Alba Mar\u00eda L\u00f3pez Ruiz; Juan Navarro Carmona; Mar\u00eda Carvajal Bornes;\u00a0Roc\u00edo Mena Mac\u00edas; Elena Barea P\u00e9rez;\u00a0Ana Isabel Bugeda D\u00edaz<\/li>\n<\/ul>\n","protected":false},"excerpt":{"rendered":"<p>EL EQUIPO COLORAO<\/p>\n","protected":false},"author":16,"featured_media":0,"parent":8931,"menu_order":0,"comment_status":"closed","ping_status":"closed","template":"","meta":{"_acf_changed":false,"_monsterinsights_skip_tracking":false,"_monsterinsights_sitenote_active":false,"_monsterinsights_sitenote_note":"","_monsterinsights_sitenote_category":0,"footnotes":""},"class_list":["post-11","page","type-page","status-publish","hentry"],"blocksy_meta":[],"acf":[],"_links":{"self":[{"href":"https:\/\/www.upo.es\/patio-colorado\/wp-json\/wp\/v2\/pages\/11","targetHints":{"allow":["GET"]}}],"collection":[{"href":"https:\/\/www.upo.es\/patio-colorado\/wp-json\/wp\/v2\/pages"}],"about":[{"href":"https:\/\/www.upo.es\/patio-colorado\/wp-json\/wp\/v2\/types\/page"}],"author":[{"embeddable":true,"href":"https:\/\/www.upo.es\/patio-colorado\/wp-json\/wp\/v2\/users\/16"}],"replies":[{"embeddable":true,"href":"https:\/\/www.upo.es\/patio-colorado\/wp-json\/wp\/v2\/comments?post=11"}],"version-history":[{"count":76,"href":"https:\/\/www.upo.es\/patio-colorado\/wp-json\/wp\/v2\/pages\/11\/revisions"}],"predecessor-version":[{"id":10792,"href":"https:\/\/www.upo.es\/patio-colorado\/wp-json\/wp\/v2\/pages\/11\/revisions\/10792"}],"up":[{"embeddable":true,"href":"https:\/\/www.upo.es\/patio-colorado\/wp-json\/wp\/v2\/pages\/8931"}],"wp:attachment":[{"href":"https:\/\/www.upo.es\/patio-colorado\/wp-json\/wp\/v2\/media?parent=11"}],"curies":[{"name":"wp","href":"https:\/\/api.w.org\/{rel}","templated":true}]}}