{"id":9125,"date":"2025-02-08T18:35:15","date_gmt":"2025-02-08T18:35:15","guid":{"rendered":"https:\/\/www.upo.es\/patio-colorado\/?page_id=9125"},"modified":"2026-03-23T19:00:50","modified_gmt":"2026-03-23T19:00:50","slug":"envios","status":"publish","type":"page","link":"https:\/\/www.upo.es\/patio-colorado\/nuestra-revista\/envios\/","title":{"rendered":"Env\u00edos"},"content":{"rendered":"<h2 style=\"text-align: center;\"><span style=\"color: #b44320;\">\ud83d\udfd0<\/span> <span style=\"text-decoration: underline;\"><a href=\"https:\/\/www.upo.es\/patio-colorado\/nuestra-revista\/envios\/call-for-papers-2026\/\">Call For Papers 2026<\/a><\/span><span style=\"color: #b44320;\">\u00a0\ud83d\udfd0<\/span><\/h2>\n<h2 style=\"text-align: center;\"><span style=\"color: #b44320;\">\ud83d\udfd0<\/span> <span style=\"text-decoration: underline;\"><a href=\"https:\/\/www.upo.es\/patio-colorado\/nuestra-revista\/envios\/directrices-para-personas-autoras\/\">Directrices para personas autoras<\/a><\/span><span style=\"color: #b44320;\">\u00a0\ud83d\udfd0<\/span><\/h2>\n<h2 style=\"text-align: center;\"><span style=\"color: #b44320;\">\ud83d\udfd0<\/span> <span style=\"text-decoration: underline;\"><a href=\"https:\/\/www.upo.es\/patio-colorado\/nuestra-revista\/envios\/entrega-de-la-contribucion\/\">Entrega de la contribuci\u00f3n<\/a><\/span><span style=\"color: #b44320;\">\u00a0\ud83d\udfd0<\/span><\/h2>\n<hr \/>\n<h1><strong>|\u00a0<\/strong>Env\u00edo de la propuesta<\/h1>\n<p><strong>\u00a1ATENCI\u00d3N!<\/strong>\u00a0Las personas interesadas en publicar en nuestra revista, deber\u00e1n enviar el\u00a0<strong>posible t\u00edtulo<\/strong>\u00a0de su contribuci\u00f3n junto a una\u00a0<strong>propuesta<\/strong>\u00a0(o\u00a0<strong>breve resumen<\/strong>) de la misma (de entre\u00a0<strong>100 y 200 palabras<\/strong>) a\u00a0<a href=\"mailto:revistaelpatiocolorao@gmail.com\">revistaelpatiocolorao@gmail.com<\/a>.<\/p>\n<p>El\u00a0<strong>plazo l\u00edmite<\/strong> de env\u00edo finaliza el <strong>30 de marzo de 2026 a las 23:59<\/strong>.<\/p>\n<p>La revista acepta\u00a0<strong>contribuciones<\/strong>\u00a0de las siguientes modalidades\u00a0<strong>sobre arte y patrimonio andaluz<\/strong>:<\/p>\n<ul>\n<li>Art\u00edculos de investigaci\u00f3n \/ TFG y TFM (calificaci\u00f3n \u2265 notable) adaptados a formato art\u00edculo<\/li>\n<li>Recensiones<\/li>\n<li>Entrevistas y reportajes<\/li>\n<li>Creaciones literarias<\/li>\n<\/ul>\n<hr \/>\n<h1><strong>|\u00a0<\/strong><b>Lista de comprobaci\u00f3n para la preparaci\u00f3n de env\u00edos<\/b><\/h1>\n<p>Una vez aceptada la propuesta, y como parte del proceso de env\u00edo, las personas autoras deben asegurarse de que su\u00a0<strong>trabajo cumpla con todos los requisitos<\/strong>\u00a0que se detallan a continuaci\u00f3n:<\/p>\n<ul>\n<li>La contribuci\u00f3n\u00a0<strong>no ha sido publicada previamente<\/strong>\u00a0ni se encuentra en proceso de evaluaci\u00f3n por ninguna otra revista.<\/li>\n<li>El TFG\/TFM\u00a0<strong>no supera los dos a\u00f1os de antig\u00fcedad<\/strong>\u00a0desde su presentaci\u00f3n.<\/li>\n<li>La contribuci\u00f3n\u00a0<strong>sigue las indicaciones y normas de estilo establecidas<\/strong>\u00a0en [<a href=\"https:\/\/www.upo.es\/patio-colorado\/nuestra-revista\/envios\/directrices-para-personas-autoras\/\">Directrices para personas autoras<\/a>].<\/li>\n<li>La persona autora asume la\u00a0<strong>responsabilidad de respetar las convenciones ortotipogr\u00e1ficas<\/strong>. Solo se corregir\u00e1n las m\u00ednimas faltas y erratas necesarias.<\/li>\n<\/ul>\n<p>El<strong>\u00a0incumplimiento<\/strong>\u00a0de estos requisitos\u00a0<strong>impedir\u00e1 la aceptaci\u00f3n<\/strong>\u00a0de la contribuci\u00f3n.<\/p>\n<p>Para cualquier consulta o dificultad, puedes escribirnos a\u00a0<a href=\"mailto:revistaelpatiocolorao@gmail.com\">revistaelpatiocolorao@gmail.com<\/a><\/p>\n<hr \/>\n<h1 style=\"text-align: center;\"><span style=\"color: #b44320;\"><strong>|<\/strong>\ud83d\udfd0 Entrega de la contribuci\u00f3n \ud83d\udfd0<strong>|<\/strong><\/span><\/h1>\n<hr \/>\n<p>Antes de enviar su contribuci\u00f3n, se solicita a la persona autora que revise la <strong>Lista de comprobaci\u00f3n para la preparaci\u00f3n de env\u00edos<\/strong> y las <strong>Directrices para la presentaci\u00f3n de originales<\/strong>.<\/p>\n<p>Las contribuciones deber\u00e1n enviarse al correo de la revista: <a href=\"mailto:revistaelpatiocolorao@gmail.com\">revistaelpatiocolorao@gmail.com<\/a>, con fecha l\u00edmite de entrega el <strong>1<\/strong><strong> de septiembre de 2026 a las 23:59<\/strong>.<\/p>\n<div class=\"forminator-ui forminator-custom-form forminator-custom-form-9497 forminator-design--default  forminator_ajax\" data-forminator-render=\"0\" data-form=\"forminator-module-9497\" data-uid=\"69f84abbcc9b1\"><br\/><\/div><form\n\t\t\t\tid=\"forminator-module-9497\"\n\t\t\t\tclass=\"forminator-ui forminator-custom-form forminator-custom-form-9497 forminator-design--default  forminator_ajax\"\n\t\t\t\tmethod=\"post\"\n\t\t\t\tdata-forminator-render=\"0\"\n\t\t\t\tdata-form-id=\"9497\"\n\t\t\t\tenctype=\"multipart\/form-data\" data-color-option=\"theme\" data-design=\"default\" data-grid=\"open\" style=\"display: none;\"\n\t\t\t\tdata-uid=\"69f84abbcc9b1\"\n\t\t\t><div role=\"alert\" aria-live=\"polite\" class=\"forminator-response-message forminator-error\" aria-hidden=\"true\"><\/div><div class=\"forminator-row\"><div id=\"name-1\" class=\"forminator-field-name forminator-col forminator-col-12 \"><div class=\"forminator-field\"><label for=\"forminator-field-name-1_69f84abbcc9b1\" id=\"forminator-field-name-1_69f84abbcc9b1-label\" class=\"forminator-label\">Nombre<\/label><input type=\"text\" name=\"name-1\" value=\"\" placeholder=\"Ejemplo: Juan P\u00e9rez\" id=\"forminator-field-name-1_69f84abbcc9b1\" class=\"forminator-input forminator-name--field\" aria-required=\"false\" autocomplete=\"name\" \/><\/div><\/div><\/div><div class=\"forminator-row\"><div id=\"email-1\" class=\"forminator-field-email forminator-col forminator-col-12 \"><div class=\"forminator-field\"><label for=\"forminator-field-email-1_69f84abbcc9b1\" id=\"forminator-field-email-1_69f84abbcc9b1-label\" class=\"forminator-label\">Direcci\u00f3n de correo electr\u00f3nico<\/label><input type=\"email\" name=\"email-1\" value=\"\" placeholder=\"Ej . : john@doe.com\" id=\"forminator-field-email-1_69f84abbcc9b1\" class=\"forminator-input forminator-email--field\" data-required=\"\" aria-required=\"false\" autocomplete=\"email\" \/><\/div><\/div><\/div><div class=\"forminator-row\"><div id=\"upload-1\" class=\"forminator-field-upload forminator-col forminator-col-12 \"><div class=\"forminator-field\"><label for=\"forminator-field-upload-1_69f84abbcc9b1\" id=\"forminator-field-upload-1_69f84abbcc9b1-label\" class=\"forminator-label\">Subir un archivo<\/label><div class=\"forminator-file-upload \" data-element=\"upload-1_69f84abbcc9b1\"><input type=\"file\" name=\"upload-1\" id=\"forminator-field-upload-1_69f84abbcc9b1\" class=\"forminator-input-file\" accept=\".avif,.heif,.heics,.heifs,.xls,.docx,.doc,.pdf,.odt,.xlsx\" tabindex=\"-1\"><button id=\"forminator-field-upload-1_69f84abbcc9b1_button\" class=\"forminator-button forminator-button-upload\" data-id=\"forminator-field-upload-1_69f84abbcc9b1\">Elegir archivo<\/button><span data-empty-text=\"Ning\u00fan archivo seleccionado\">Ning\u00fan archivo seleccionado<\/span><button class=\"forminator-button-delete\" style=\"display: none;\"><i class=\"forminator-icon-close\" aria-hidden=\"true\"><\/i><span class=\"forminator-screen-reader-only\">Eliminar el archivo subido<\/span><\/button><\/div><\/div><\/div><\/div><input type=\"hidden\" name=\"referer_url\" value=\"\" \/><div class=\"forminator-row forminator-row-last\"><div class=\"forminator-col\"><div class=\"forminator-field\"><button class=\"forminator-button forminator-button-submit\">Enviar mensaje<\/button><\/div><\/div><\/div><input type=\"hidden\" id=\"forminator_nonce\" name=\"forminator_nonce\" value=\"7c73ee3f0c\" \/><input type=\"hidden\" name=\"_wp_http_referer\" value=\"\/patio-colorado\/wp-json\/wp\/v2\/pages\/9125\" \/><input type=\"hidden\" name=\"form_id\" value=\"9497\"><input type=\"hidden\" name=\"page_id\" value=\"9125\"><input type=\"hidden\" name=\"form_type\" value=\"default\"><input type=\"hidden\" name=\"current_url\" value=\"https:\/\/www.upo.es\/patio-colorado\/nuestra-revista\/envios\/\"><input type=\"hidden\" name=\"render_id\" value=\"0\"><input type=\"hidden\" name=\"action\" value=\"forminator_submit_form_custom-forms\"><\/form>\n<p>&nbsp;<\/p>\n","protected":false},"excerpt":{"rendered":"<p>El Patio Colorao. Revista de arte y patrimonio andaluz<\/p>\n","protected":false},"author":1,"featured_media":0,"parent":5777,"menu_order":0,"comment_status":"closed","ping_status":"closed","template":"","meta":{"_acf_changed":false,"_monsterinsights_skip_tracking":false,"_monsterinsights_sitenote_active":false,"_monsterinsights_sitenote_note":"","_monsterinsights_sitenote_category":0,"footnotes":""},"class_list":["post-9125","page","type-page","status-publish","hentry"],"blocksy_meta":[],"acf":[],"_links":{"self":[{"href":"https:\/\/www.upo.es\/patio-colorado\/wp-json\/wp\/v2\/pages\/9125","targetHints":{"allow":["GET"]}}],"collection":[{"href":"https:\/\/www.upo.es\/patio-colorado\/wp-json\/wp\/v2\/pages"}],"about":[{"href":"https:\/\/www.upo.es\/patio-colorado\/wp-json\/wp\/v2\/types\/page"}],"author":[{"embeddable":true,"href":"https:\/\/www.upo.es\/patio-colorado\/wp-json\/wp\/v2\/users\/1"}],"replies":[{"embeddable":true,"href":"https:\/\/www.upo.es\/patio-colorado\/wp-json\/wp\/v2\/comments?post=9125"}],"version-history":[{"count":37,"href":"https:\/\/www.upo.es\/patio-colorado\/wp-json\/wp\/v2\/pages\/9125\/revisions"}],"predecessor-version":[{"id":10983,"href":"https:\/\/www.upo.es\/patio-colorado\/wp-json\/wp\/v2\/pages\/9125\/revisions\/10983"}],"up":[{"embeddable":true,"href":"https:\/\/www.upo.es\/patio-colorado\/wp-json\/wp\/v2\/pages\/5777"}],"wp:attachment":[{"href":"https:\/\/www.upo.es\/patio-colorado\/wp-json\/wp\/v2\/media?parent=9125"}],"curies":[{"name":"wp","href":"https:\/\/api.w.org\/{rel}","templated":true}]}}