{"id":9135,"date":"2025-02-08T18:52:09","date_gmt":"2025-02-08T18:52:09","guid":{"rendered":"https:\/\/www.upo.es\/patio-colorado\/?page_id=9135"},"modified":"2026-01-26T12:14:34","modified_gmt":"2026-01-26T12:14:34","slug":"equipo-editorial","status":"publish","type":"page","link":"https:\/\/www.upo.es\/patio-colorado\/nuestra-revista\/equipo-editorial\/","title":{"rendered":"Equipo Editorial"},"content":{"rendered":"<h1><strong>| <\/strong><strong>Consejo Editorial<\/strong><\/h1>\n<h2>Direcci\u00f3n<\/h2>\n<ul>\n<li>Henar L\u00f3pez Gonz\u00e1lez,\u00a0<a href=\"https:\/\/orcid.org\/0009-0003-4017-8305\">https:\/\/orcid.org\/0009-0003-4017-8305<\/a><\/li>\n<li>Juan L\u00f3pez Iglesias,\u00a0<a href=\"https:\/\/orcid.org\/0009-0003-5729-4425\">https:\/\/orcid.org\/0009-0003-5729-4425<\/a><\/li>\n<li>Roc\u00edo Ortiz Blanquero,\u00a0<a href=\"https:\/\/orcid.org\/0009-0000-1089-0498\">https:\/\/orcid.org\/0009-0000-1089-0498<\/a><\/li>\n<\/ul>\n<h2>Coordinaci\u00f3n<\/h2>\n<ul>\n<li>Fernando Quiles Garc\u00eda, Universidad Pablo de Olavide, Sevilla (Espa\u00f1a) <a href=\"https:\/\/orcid.org\/0000-0003-0946-3012\">https:\/\/orcid.org\/0000-0003-0946-3012<\/a><\/li>\n<\/ul>\n<h2>Edici\u00f3n<\/h2>\n<ul>\n<li>Luc\u00eda Carbonell Mart\u00edn<\/li>\n<li>Martina Luque V\u00e1zquez<\/li>\n<li>Miguel Fern\u00e1ndez Iruzubieta<\/li>\n<li>Sara Gamero Pocostales<\/li>\n<\/ul>\n<hr \/>\n<h1><strong>| <\/strong><strong>Comit\u00e9 Cient\u00edfico<\/strong><\/h1>\n<ul>\n<li>Alberto Marina Castillo, Universidad Pablo de Olavide, Sevilla (Espa\u00f1a)<\/li>\n<li>Ana Mar\u00eda Aranda Bernal, Universidad Pablo de Olavide, Sevilla (Espa\u00f1a)<\/li>\n<li>Crist\u00f3bal Jos\u00e9 \u00c1lvarez L\u00f3pez, Universidad Pablo de Olavide, Sevilla (Espa\u00f1a)<\/li>\n<li>Desir\u00e9e del Mar Avil\u00e9s M\u00e1rquez, Universidad Pablo de Olavide, Sevilla (Espa\u00f1a)<\/li>\n<li>Elena Mu\u00f1iz Grijalvo, Universidad Pablo de Olavide, Sevilla (Espa\u00f1a)<\/li>\n<li>Marta Cuevas Caballero, Universidad Pablo de Olavide, Sevilla (Espa\u00f1a)<\/li>\n<li>Miguel Cisneros Perales, Universidad Complutense de Madrid (Espa\u00f1a)<\/li>\n<li>Ra\u00fal Fern\u00e1ndez S\u00e1nchez-Alarcos, Universidad Pablo de Olavide, Sevilla (Espa\u00f1a)<\/li>\n<li>Rosario Moreno Soldevila, Universidad Pablo de Olavide, Sevilla (Espa\u00f1a)<\/li>\n<li>Victoria S\u00e1nchez Mellado, Universidad Pablo de Olavide, Sevilla (Espa\u00f1a)<\/li>\n<li>Zara Ruiz Romero, Universidad de Sevilla (Espa\u00f1a)<\/li>\n<\/ul>\n<h6><\/h6>\n","protected":false},"excerpt":{"rendered":"<p>EL EQUIPO COLORAO<\/p>\n","protected":false},"author":1,"featured_media":0,"parent":5777,"menu_order":0,"comment_status":"closed","ping_status":"closed","template":"","meta":{"_acf_changed":false,"_monsterinsights_skip_tracking":false,"_monsterinsights_sitenote_active":false,"_monsterinsights_sitenote_note":"","_monsterinsights_sitenote_category":0,"footnotes":""},"class_list":["post-9135","page","type-page","status-publish","hentry"],"blocksy_meta":[],"acf":[],"_links":{"self":[{"href":"https:\/\/www.upo.es\/patio-colorado\/wp-json\/wp\/v2\/pages\/9135","targetHints":{"allow":["GET"]}}],"collection":[{"href":"https:\/\/www.upo.es\/patio-colorado\/wp-json\/wp\/v2\/pages"}],"about":[{"href":"https:\/\/www.upo.es\/patio-colorado\/wp-json\/wp\/v2\/types\/page"}],"author":[{"embeddable":true,"href":"https:\/\/www.upo.es\/patio-colorado\/wp-json\/wp\/v2\/users\/1"}],"replies":[{"embeddable":true,"href":"https:\/\/www.upo.es\/patio-colorado\/wp-json\/wp\/v2\/comments?post=9135"}],"version-history":[{"count":21,"href":"https:\/\/www.upo.es\/patio-colorado\/wp-json\/wp\/v2\/pages\/9135\/revisions"}],"predecessor-version":[{"id":10776,"href":"https:\/\/www.upo.es\/patio-colorado\/wp-json\/wp\/v2\/pages\/9135\/revisions\/10776"}],"up":[{"embeddable":true,"href":"https:\/\/www.upo.es\/patio-colorado\/wp-json\/wp\/v2\/pages\/5777"}],"wp:attachment":[{"href":"https:\/\/www.upo.es\/patio-colorado\/wp-json\/wp\/v2\/media?parent=9135"}],"curies":[{"name":"wp","href":"https:\/\/api.w.org\/{rel}","templated":true}]}}