{"id":9252,"date":"2025-03-03T19:17:39","date_gmt":"2025-03-03T19:17:39","guid":{"rendered":"https:\/\/www.upo.es\/patio-colorado\/?page_id=9252"},"modified":"2026-01-24T11:31:31","modified_gmt":"2026-01-24T11:31:31","slug":"congreso","status":"publish","type":"page","link":"https:\/\/www.upo.es\/patio-colorado\/nuestra-revista\/congreso\/","title":{"rendered":"Congreso"},"content":{"rendered":"<p>La revista <i>El Patio Colorao<\/i>\u00a0organiza el<strong> Congreso &#8216;Las Columnas del Tiempo. Ecos de Patrimonio Andaluz&#8217; <\/strong>con la <strong>colaboraci\u00f3n<\/strong> de <a href=\"https:\/\/www.upo.es\/investiga\/enredars\/\" rel=\"home\">Enredars Publicaciones<\/a>, el <a href=\"https:\/\/www.upo.es\/area-historia-arte\/\">\u00c1rea de Historia del Arte<\/a> y la <a href=\"https:\/\/www.upo.es\/facultad-humanidades\/es\/\">Facultad de Humanidades <\/a>de la <a href=\"https:\/\/www.upo.es\/portal\/impe\/web\/portada\/index.html\">Universidad Pablo de Olavide<\/a>.<\/p>\n<p>Est\u00e1 dirigido a todo el estudiantado de la facultad. Se trata de un espacio de di\u00e1logo y reflexi\u00f3n sobre <strong>arte y patrimonio andaluz<\/strong> en el que las personas interesadas podr\u00e1n compartir sus <strong>investigaciones ya publicadas o en proceso de publicaci\u00f3n en\u00a0la revista.<\/strong> Adem\u00e1s, brindamos la oportunidad de<strong> presentar o practicar la defensa de Trabajos Fin de Grado (TFG) y M\u00e1ster (TFM) <\/strong>que tengan relaci\u00f3n con la tem\u00e1tica de la revista.<\/p>\n","protected":false},"excerpt":{"rendered":"<p>Las Columnas del Tiempo. Ecos de Patrimonio Andaluz<\/p>\n","protected":false},"author":1,"featured_media":9315,"parent":5777,"menu_order":0,"comment_status":"closed","ping_status":"closed","template":"","meta":{"_acf_changed":false,"_monsterinsights_skip_tracking":false,"_monsterinsights_sitenote_active":false,"_monsterinsights_sitenote_note":"","_monsterinsights_sitenote_category":0,"footnotes":""},"class_list":["post-9252","page","type-page","status-publish","has-post-thumbnail","hentry"],"blocksy_meta":[],"acf":[],"_links":{"self":[{"href":"https:\/\/www.upo.es\/patio-colorado\/wp-json\/wp\/v2\/pages\/9252","targetHints":{"allow":["GET"]}}],"collection":[{"href":"https:\/\/www.upo.es\/patio-colorado\/wp-json\/wp\/v2\/pages"}],"about":[{"href":"https:\/\/www.upo.es\/patio-colorado\/wp-json\/wp\/v2\/types\/page"}],"author":[{"embeddable":true,"href":"https:\/\/www.upo.es\/patio-colorado\/wp-json\/wp\/v2\/users\/1"}],"replies":[{"embeddable":true,"href":"https:\/\/www.upo.es\/patio-colorado\/wp-json\/wp\/v2\/comments?post=9252"}],"version-history":[{"count":41,"href":"https:\/\/www.upo.es\/patio-colorado\/wp-json\/wp\/v2\/pages\/9252\/revisions"}],"predecessor-version":[{"id":10723,"href":"https:\/\/www.upo.es\/patio-colorado\/wp-json\/wp\/v2\/pages\/9252\/revisions\/10723"}],"up":[{"embeddable":true,"href":"https:\/\/www.upo.es\/patio-colorado\/wp-json\/wp\/v2\/pages\/5777"}],"wp:featuredmedia":[{"embeddable":true,"href":"https:\/\/www.upo.es\/patio-colorado\/wp-json\/wp\/v2\/media\/9315"}],"wp:attachment":[{"href":"https:\/\/www.upo.es\/patio-colorado\/wp-json\/wp\/v2\/media?parent=9252"}],"curies":[{"name":"wp","href":"https:\/\/api.w.org\/{rel}","templated":true}]}}