{"id":643,"date":"2021-03-02T17:38:15","date_gmt":"2021-03-02T16:38:15","guid":{"rendered":"https:\/\/www.upo.es\/picesl\/?page_id=643"},"modified":"2021-03-31T15:31:46","modified_gmt":"2021-03-31T13:31:46","slug":"eventos-multimplicadores","status":"publish","type":"page","link":"https:\/\/www.upo.es\/picesl\/es\/eventos-multimplicadores\/","title":{"rendered":"Eventos multiplicadores"},"content":{"rendered":"<p>[et_pb_section fb_built=\u00bb1&#8243; fullwidth=\u00bbon\u00bb admin_label=\u00bbHero\u00bb _builder_version=\u00bb4.4.7&#8243; use_background_color_gradient=\u00bbon\u00bb background_color_gradient_start=\u00bb#eeeff2&#8243; background_color_gradient_end=\u00bbrgba(238,239,242,0)\u00bb background_color_gradient_direction=\u00bb90deg\u00bb background_color_gradient_start_position=\u00bb33%\u00bb background_color_gradient_end_position=\u00bb52%\u00bb background_color_gradient_overlays_image=\u00bbon\u00bb background_image=\u00bbhttps:\/\/www.upo.es\/picesl\/wp-content\/uploads\/2021\/03\/multiplier-events-1.jpg\u00bb][et_pb_fullwidth_header subhead=\u00bbEventos multiplicadores\u00bb content_max_width=\u00bb600px\u00bb _builder_version=\u00bb4.4.7&#8243; title_font=\u00bbRubik|700||on|||||\u00bb title_text_color=\u00bb#ff7355&#8243; title_font_size=\u00bb16px\u00bb title_letter_spacing=\u00bb5px\u00bb title_line_height=\u00bb0.5em\u00bb content_font=\u00bbRubik||||||||\u00bb content_font_size=\u00bb18px\u00bb subhead_font=\u00bbRubik|700|||||||\u00bb subhead_text_color=\u00bbrgba(0,0,0,0.8)\u00bb subhead_font_size=\u00bb50px\u00bb subhead_line_height=\u00bb1.5em\u00bb background_color=\u00bbrgba(255,255,255,0)\u00bb use_background_color_gradient=\u00bbon\u00bb background_color_gradient_start=\u00bbrgba(255,255,255,0)\u00bb background_color_gradient_end=\u00bbrgba(255,255,255,0.7)\u00bb background_color_gradient_start_position=\u00bb50%\u00bb background_size=\u00bbcontain\u00bb background_position=\u00bbbottom_center\u00bb custom_button_one=\u00bbon\u00bb button_one_text_size=\u00bb16px\u00bb button_one_text_color=\u00bb#ffffff\u00bb button_one_bg_color=\u00bb#ff7355&#8243; button_one_border_width=\u00bb15px\u00bb button_one_border_color=\u00bbrgba(210,159,104,0)\u00bb button_one_border_radius=\u00bb100px\u00bb button_one_letter_spacing=\u00bb0px\u00bb button_one_font=\u00bbRubik|700|||||||\u00bb button_one_use_icon=\u00bboff\u00bb custom_button_two=\u00bbon\u00bb button_two_text_size=\u00bb16px\u00bb button_two_text_color=\u00bb#ffffff\u00bb button_two_bg_color=\u00bbrgba(0,0,0,0.6)\u00bb button_two_border_width=\u00bb15px\u00bb button_two_border_color=\u00bbrgba(210,159,104,0)\u00bb button_two_border_radius=\u00bb100px\u00bb button_two_letter_spacing=\u00bb0px\u00bb button_two_font=\u00bbRubik|700|||||||\u00bb button_two_use_icon=\u00bboff\u00bb background_layout=\u00bblight\u00bb max_width_last_edited=\u00bboff|desktop\u00bb module_alignment=\u00bbcenter\u00bb custom_margin=\u00bb|||\u00bb custom_padding=\u00bb8vw||4vw|\u00bb subhead_font_size_tablet=\u00bb\u00bb subhead_font_size_phone=\u00bb30px\u00bb subhead_font_size_last_edited=\u00bbon|phone\u00bb button_one_border_radius_hover=\u00bb100px\u00bb button_two_border_radius_hover=\u00bb100px\u00bb button_one_bg_color_hover=\u00bb#ff8a70&#8243; button_two_bg_color_hover=\u00bb#ff8a70&#8243; button_one_text_size__hover_enabled=\u00bboff\u00bb button_two_text_size__hover_enabled=\u00bboff\u00bb button_one_text_color__hover_enabled=\u00bboff\u00bb button_two_text_color__hover_enabled=\u00bboff\u00bb button_one_border_width__hover_enabled=\u00bboff\u00bb button_two_border_width__hover_enabled=\u00bboff\u00bb button_one_border_color__hover_enabled=\u00bboff\u00bb button_two_border_color__hover_enabled=\u00bboff\u00bb button_one_border_radius__hover_enabled=\u00bbon\u00bb button_one_border_radius__hover=\u00bb100px\u00bb button_two_border_radius__hover_enabled=\u00bbon\u00bb button_two_border_radius__hover=\u00bb100px\u00bb button_one_letter_spacing__hover_enabled=\u00bboff\u00bb button_two_letter_spacing__hover_enabled=\u00bboff\u00bb button_one_bg_color__hover_enabled=\u00bbon\u00bb button_one_bg_color__hover=\u00bb#ff8a70&#8243; button_two_bg_color__hover_enabled=\u00bbon\u00bb button_two_bg_color__hover=\u00bb#ff8a70&#8243;][\/et_pb_fullwidth_header][\/et_pb_section][et_pb_section fb_built=\u00bb1&#8243; admin_label=\u00bbAdmissions\u00bb _builder_version=\u00bb4.4.7&#8243; use_background_color_gradient=\u00bbon\u00bb background_color_gradient_start=\u00bb#ffffff\u00bb background_color_gradient_end=\u00bb#e3e3e8&#8243; background_image=\u00bbhttps:\/\/www.upo.es\/picesl\/wp-content\/uploads\/2020\/02\/shapes-bg-1.png\u00bb parallax=\u00bbon\u00bb custom_padding=\u00bb|||\u00bb][et_pb_row _builder_version=\u00bb4.3.4&#8243;][et_pb_column type=\u00bb4_4&#8243; _builder_version=\u00bb4.3.4&#8243;][et_pb_text _builder_version=\u00bb4.4.7&#8243;]<\/p>\n<h2><span style=\"font-size: x-large;\"><strong>Evento Multiplicador 1<\/strong><\/span><\/h2>\n<p>Buenas pr\u00e1cticas en educaci\u00f3n intercultural\/inclusiva en Europa. \u00abFormaci\u00f3n intercultural para la educaci\u00f3n intercultural\/inclusiva\u00bb.\u00a0<\/p>\n<p>El proyecto PICAET un evento multiplicador durante el proyecto. La conferencia tendr\u00e1 lugar en Grecia e invitar\u00e1 a participar a 80 actores locales y 20 expertos internacionales, junto con todos los socios del proyecto. Ser\u00e1 un evento de un d\u00eda que tendr\u00eda forma de conferencia\/seminario organizado a nivel internacional, en la que se pondr\u00e1 en valor el producto intelectual 1 del proyecto.\u00a0<\/p>\n<p>&nbsp;<\/p>\n<p>[\/et_pb_text][\/et_pb_column][\/et_pb_row][et_pb_row _builder_version=\u00bb4.4.7&#8243;][et_pb_column _builder_version=\u00bb4.4.7&#8243; type=\u00bb4_4&#8243;][et_pb_text _builder_version=\u00bb4.4.7&#8243; hover_enabled=\u00bb0&#8243;]<\/p>\n<h2><span><strong>Evento Multiplicador 2<\/strong><\/span><\/h2>\n<p>&nbsp;<\/p>\n<p>Conferencia de fin de proyecto. Preparando a los docentes de educaci\u00f3n para combatir el abandono escolar temprano a trav\u00e9s de la educaci\u00f3n intercultural\/inclusiva.\u00a0<\/p>\n<p>El proyecto PICAET celebrar\u00e1 una conferencia al final del proyecto en Sevilla. El equipo del proyecto notificar\u00e1 e invitar\u00e1 a las entidades m\u00e1s representativas de todos los grupos objetivo, y buscar\u00e1 aumentar el peso pol\u00edtico del proyecto invitando a instituciones locales e internacionales formaci\u00f3n intercultural e inclusiva, as\u00ed como a: expertos de la OCDE y de la UE, autoridades locales, instituciones de formaci\u00f3n del sector de educaci\u00f3n escolar, los grupos de investigaci\u00f3n sobre educaci\u00f3n intercultural\/inclusiva, los sindicatos y centros de formaci\u00f3n docente, la prensa y los medios de comunicaci\u00f3n locales y nacionales. Se espera que asistan 70 actores locales y 10 internacionales, junto con todos los socios del proyecto.\u00a0<\/p>\n<p>La conferencia brindar\u00e1 la oportunidad de presentar la versi\u00f3n definitiva tanto de la gu\u00eda de buenas pr\u00e1cticas como del itinerario integrado de formaci\u00f3n intercultural\/inclusiva para docentes para combatir el abandono escolar temprano y difundir el trabajo realizado en la asociaci\u00f3n y los resultados del proyecto.\u00a0<\/p>\n<p>&nbsp;<\/p>\n<p>[\/et_pb_text][\/et_pb_column][\/et_pb_row][\/et_pb_section]<\/p>\n","protected":false},"excerpt":{"rendered":"<p>[et_pb_section fb_built=\u00bb1&#8243; fullwidth=\u00bbon\u00bb admin_label=\u00bbHero\u00bb _builder_version=\u00bb4.4.7&#8243; use_background_color_gradient=\u00bbon\u00bb background_color_gradient_start=\u00bb#eeeff2&#8243; background_color_gradient_end=\u00bbrgba(238,239,242,0)\u00bb background_color_gradient_direction=\u00bb90deg\u00bb background_color_gradient_start_position=\u00bb33%\u00bb background_color_gradient_end_position=\u00bb52%\u00bb background_color_gradient_overlays_image=\u00bbon\u00bb background_image=\u00bbhttps:\/\/www.upo.es\/picesl\/wp-content\/uploads\/2021\/03\/multiplier-events-1.jpg\u00bb][et_pb_fullwidth_header subhead=\u00bbEventos multiplicadores\u00bb content_max_width=\u00bb600px\u00bb _builder_version=\u00bb4.4.7&#8243; title_font=\u00bbRubik|700||on|||||\u00bb title_text_color=\u00bb#ff7355&#8243; title_font_size=\u00bb16px\u00bb title_letter_spacing=\u00bb5px\u00bb title_line_height=\u00bb0.5em\u00bb content_font=\u00bbRubik||||||||\u00bb content_font_size=\u00bb18px\u00bb subhead_font=\u00bbRubik|700|||||||\u00bb subhead_text_color=\u00bbrgba(0,0,0,0.8)\u00bb subhead_font_size=\u00bb50px\u00bb subhead_line_height=\u00bb1.5em\u00bb background_color=\u00bbrgba(255,255,255,0)\u00bb use_background_color_gradient=\u00bbon\u00bb background_color_gradient_start=\u00bbrgba(255,255,255,0)\u00bb background_color_gradient_end=\u00bbrgba(255,255,255,0.7)\u00bb background_color_gradient_start_position=\u00bb50%\u00bb background_size=\u00bbcontain\u00bb background_position=\u00bbbottom_center\u00bb custom_button_one=\u00bbon\u00bb button_one_text_size=\u00bb16px\u00bb button_one_text_color=\u00bb#ffffff\u00bb button_one_bg_color=\u00bb#ff7355&#8243; button_one_border_width=\u00bb15px\u00bb button_one_border_color=\u00bbrgba(210,159,104,0)\u00bb button_one_border_radius=\u00bb100px\u00bb button_one_letter_spacing=\u00bb0px\u00bb button_one_font=\u00bbRubik|700|||||||\u00bb button_one_use_icon=\u00bboff\u00bb custom_button_two=\u00bbon\u00bb button_two_text_size=\u00bb16px\u00bb button_two_text_color=\u00bb#ffffff\u00bb button_two_bg_color=\u00bbrgba(0,0,0,0.6)\u00bb button_two_border_width=\u00bb15px\u00bb button_two_border_color=\u00bbrgba(210,159,104,0)\u00bb button_two_border_radius=\u00bb100px\u00bb button_two_letter_spacing=\u00bb0px\u00bb button_two_font=\u00bbRubik|700|||||||\u00bb button_two_use_icon=\u00bboff\u00bb [&hellip;]<\/p>\n","protected":false},"author":1,"featured_media":0,"parent":0,"menu_order":0,"comment_status":"closed","ping_status":"closed","template":"","meta":{"_et_pb_use_builder":"on","_et_pb_old_content":"","_et_gb_content_width":""},"yoast_head":"<!-- This site is optimized with the Yoast SEO plugin v16.0.2 - https:\/\/yoast.com\/wordpress\/plugins\/seo\/ -->\n<title>Eventos multiplicadores - PICESL<\/title>\n<link rel=\"canonical\" href=\"https:\/\/www.upo.es\/picesl\/es\/eventos-multimplicadores\/\" \/>\n<meta property=\"og:locale\" content=\"en_US\" \/>\n<meta property=\"og:type\" content=\"article\" \/>\n<meta property=\"og:title\" content=\"Eventos multiplicadores - PICESL\" \/>\n<meta property=\"og:description\" content=\"[et_pb_section fb_built=\u00bb1&#8243; fullwidth=\u00bbon\u00bb admin_label=\u00bbHero\u00bb _builder_version=\u00bb4.4.7&#8243; use_background_color_gradient=\u00bbon\u00bb background_color_gradient_start=\u00bb#eeeff2&#8243; background_color_gradient_end=\u00bbrgba(238,239,242,0)\u00bb background_color_gradient_direction=\u00bb90deg\u00bb background_color_gradient_start_position=\u00bb33%\u00bb background_color_gradient_end_position=\u00bb52%\u00bb background_color_gradient_overlays_image=\u00bbon\u00bb background_image=\u00bbhttps:\/\/www.upo.es\/picesl\/wp-content\/uploads\/2021\/03\/multiplier-events-1.jpg\u00bb][et_pb_fullwidth_header subhead=\u00bbEventos multiplicadores\u00bb content_max_width=\u00bb600px\u00bb _builder_version=\u00bb4.4.7&#8243; title_font=\u00bbRubik|700||on|||||\u00bb title_text_color=\u00bb#ff7355&#8243; title_font_size=\u00bb16px\u00bb title_letter_spacing=\u00bb5px\u00bb title_line_height=\u00bb0.5em\u00bb content_font=\u00bbRubik||||||||\u00bb content_font_size=\u00bb18px\u00bb subhead_font=\u00bbRubik|700|||||||\u00bb subhead_text_color=\u00bbrgba(0,0,0,0.8)\u00bb subhead_font_size=\u00bb50px\u00bb subhead_line_height=\u00bb1.5em\u00bb background_color=\u00bbrgba(255,255,255,0)\u00bb use_background_color_gradient=\u00bbon\u00bb background_color_gradient_start=\u00bbrgba(255,255,255,0)\u00bb background_color_gradient_end=\u00bbrgba(255,255,255,0.7)\u00bb background_color_gradient_start_position=\u00bb50%\u00bb background_size=\u00bbcontain\u00bb background_position=\u00bbbottom_center\u00bb custom_button_one=\u00bbon\u00bb button_one_text_size=\u00bb16px\u00bb button_one_text_color=\u00bb#ffffff\u00bb button_one_bg_color=\u00bb#ff7355&#8243; button_one_border_width=\u00bb15px\u00bb button_one_border_color=\u00bbrgba(210,159,104,0)\u00bb button_one_border_radius=\u00bb100px\u00bb button_one_letter_spacing=\u00bb0px\u00bb button_one_font=\u00bbRubik|700|||||||\u00bb button_one_use_icon=\u00bboff\u00bb custom_button_two=\u00bbon\u00bb button_two_text_size=\u00bb16px\u00bb button_two_text_color=\u00bb#ffffff\u00bb button_two_bg_color=\u00bbrgba(0,0,0,0.6)\u00bb button_two_border_width=\u00bb15px\u00bb button_two_border_color=\u00bbrgba(210,159,104,0)\u00bb button_two_border_radius=\u00bb100px\u00bb button_two_letter_spacing=\u00bb0px\u00bb button_two_font=\u00bbRubik|700|||||||\u00bb button_two_use_icon=\u00bboff\u00bb [&hellip;]\" \/>\n<meta property=\"og:url\" content=\"https:\/\/www.upo.es\/picesl\/es\/eventos-multimplicadores\/\" \/>\n<meta property=\"og:site_name\" content=\"PICESL\" \/>\n<meta property=\"article:modified_time\" content=\"2021-03-31T13:31:46+00:00\" \/>\n<meta name=\"twitter:card\" content=\"summary_large_image\" \/>\n<meta name=\"twitter:label1\" content=\"Tiempo de lectura\">\n\t<meta name=\"twitter:data1\" content=\"4 minutos\">\n<script type=\"application\/ld+json\" class=\"yoast-schema-graph\">{\"@context\":\"https:\/\/schema.org\",\"@graph\":[{\"@type\":\"WebSite\",\"@id\":\"https:\/\/www.upo.es\/picesl\/#website\",\"url\":\"https:\/\/www.upo.es\/picesl\/\",\"name\":\"PICESL\",\"description\":\"Promoting Inclusion to Combat Early School Leaving\",\"potentialAction\":[{\"@type\":\"SearchAction\",\"target\":\"https:\/\/www.upo.es\/picesl\/?s={search_term_string}\",\"query-input\":\"required name=search_term_string\"}],\"inLanguage\":\"es\"},{\"@type\":\"WebPage\",\"@id\":\"https:\/\/www.upo.es\/picesl\/es\/eventos-multimplicadores\/#webpage\",\"url\":\"https:\/\/www.upo.es\/picesl\/es\/eventos-multimplicadores\/\",\"name\":\"Eventos multiplicadores - PICESL\",\"isPartOf\":{\"@id\":\"https:\/\/www.upo.es\/picesl\/#website\"},\"datePublished\":\"2021-03-02T16:38:15+00:00\",\"dateModified\":\"2021-03-31T13:31:46+00:00\",\"breadcrumb\":{\"@id\":\"https:\/\/www.upo.es\/picesl\/es\/eventos-multimplicadores\/#breadcrumb\"},\"inLanguage\":\"es\",\"potentialAction\":[{\"@type\":\"ReadAction\",\"target\":[\"https:\/\/www.upo.es\/picesl\/es\/eventos-multimplicadores\/\"]}]},{\"@type\":\"BreadcrumbList\",\"@id\":\"https:\/\/www.upo.es\/picesl\/es\/eventos-multimplicadores\/#breadcrumb\",\"itemListElement\":[{\"@type\":\"ListItem\",\"position\":1,\"item\":{\"@type\":\"WebPage\",\"@id\":\"https:\/\/www.upo.es\/picesl\/es\/inicio\/\",\"url\":\"https:\/\/www.upo.es\/picesl\/es\/inicio\/\",\"name\":\"Portada\"}},{\"@type\":\"ListItem\",\"position\":2,\"item\":{\"@type\":\"WebPage\",\"@id\":\"https:\/\/www.upo.es\/picesl\/es\/eventos-multimplicadores\/\",\"url\":\"https:\/\/www.upo.es\/picesl\/es\/eventos-multimplicadores\/\",\"name\":\"Eventos multiplicadores\"}}]}]}<\/script>\n<!-- \/ Yoast SEO plugin. -->","_links":{"self":[{"href":"https:\/\/www.upo.es\/picesl\/wp-json\/wp\/v2\/pages\/643"}],"collection":[{"href":"https:\/\/www.upo.es\/picesl\/wp-json\/wp\/v2\/pages"}],"about":[{"href":"https:\/\/www.upo.es\/picesl\/wp-json\/wp\/v2\/types\/page"}],"author":[{"embeddable":true,"href":"https:\/\/www.upo.es\/picesl\/wp-json\/wp\/v2\/users\/1"}],"replies":[{"embeddable":true,"href":"https:\/\/www.upo.es\/picesl\/wp-json\/wp\/v2\/comments?post=643"}],"version-history":[{"count":1,"href":"https:\/\/www.upo.es\/picesl\/wp-json\/wp\/v2\/pages\/643\/revisions"}],"predecessor-version":[{"id":700,"href":"https:\/\/www.upo.es\/picesl\/wp-json\/wp\/v2\/pages\/643\/revisions\/700"}],"wp:attachment":[{"href":"https:\/\/www.upo.es\/picesl\/wp-json\/wp\/v2\/media?parent=643"}],"curies":[{"name":"wp","href":"https:\/\/api.w.org\/{rel}","templated":true}]}}