{"id":117,"date":"2016-05-20T12:20:35","date_gmt":"2016-05-20T12:20:35","guid":{"rendered":"https:\/\/www.upo.es\/sociologia\/?page_id=117"},"modified":"2025-07-11T10:10:35","modified_gmt":"2025-07-11T08:10:35","slug":"contacto","status":"publish","type":"page","link":"https:\/\/www.upo.es\/sociologia\/contacto\/","title":{"rendered":"Contacto"},"content":{"rendered":"<h3>Direcci\u00f3n del Departamento de Sociolog\u00eda<\/h3>\n<ul>\n<li><strong>Directora<\/strong>: Dra. Mercedes Camarero Rioja.\u00a0 Extensi\u00f3n: 67529. Telf: 954977539<\/li>\n<li><strong>Secretario Acad\u00e9mico<\/strong>: Dra. Cristina Mateos Mora. Extensi\u00f3n: 69291. Telf: 954979291<\/li>\n<li><strong>Responsable Acad\u00e9mico del \u00c1rea de Sociolog\u00eda<\/strong>: Dra. Mar\u00eda Jos\u00e9 Dorado Rub\u00edn. Extensi\u00f3n: 67509. Telf: 954977509<\/li>\n<\/ul>\n<h4>Oficina Administrativa del Departamento<\/h4>\n<p>Edificio 11, 3\u00aa planta, Despacho 2<br \/>\nCorreo electr\u00f3nico: admonsociologia@upo.es<br \/>\nJuan Carlos Castellano \u00c1lvarez.<br \/>\nTel\u00e9fono: 954978129<\/p>\n<h4>Direcci\u00f3n postal<\/h4>\n<p>Universidad Pablo de Olavide, de Sevilla<\/p>\n<p>Departamento de Sociolog\u00eda<\/p>\n<p>Edificio 11, 3\u00aa planta, Despacho 2<br \/>\nCtra de Utrera, Km 1. CP: 41013 &#8211; Sevilla<\/p>\n<p>&nbsp;<\/p>\n","protected":false},"excerpt":{"rendered":"<p>Direcci\u00f3n del Departamento de Sociolog\u00eda<\/p>\n<ul>\n<li>Directora: Dra. Mercedes Camarero Rioja.\u00a0 Extensi\u00f3n: 67529. Telf: 954977539<\/li>\n<li>Secretario Acad\u00e9mico: Dra. Cristina Mateos Mora. Extensi\u00f3n: 69291. Telf: 954979291<\/li>\n<li>Responsable Acad\u00e9mico del \u00c1rea de Sociolog\u00eda: Dra. Mar\u00eda Jos\u00e9 Dorado Rub\u00edn. Extensi\u00f3n: 67509. Telf: 954977509<\/li>\n<\/ul>\n<p>Oficina Administrativa del Departamento<\/p>\n<p>Edificio 11, 3\u00aa planta, Despacho 2<br \/>\nCorreo electr\u00f3nico: admonsociologia@upo.es<br \/>\nJuan Carlos Castellano \u00c1lvarez.<br \/>\nTel\u00e9fono: 954978129<\/p>\n<p>Direcci\u00f3n postal<\/p>\n<p>Universidad Pablo de Olavide,<\/p>\n<p>  [&#8230;]<\/p>\n","protected":false},"author":1,"featured_media":0,"parent":0,"menu_order":0,"comment_status":"closed","ping_status":"closed","template":"","meta":[],"_links":{"self":[{"href":"https:\/\/www.upo.es\/sociologia\/wp-json\/wp\/v2\/pages\/117"}],"collection":[{"href":"https:\/\/www.upo.es\/sociologia\/wp-json\/wp\/v2\/pages"}],"about":[{"href":"https:\/\/www.upo.es\/sociologia\/wp-json\/wp\/v2\/types\/page"}],"author":[{"embeddable":true,"href":"https:\/\/www.upo.es\/sociologia\/wp-json\/wp\/v2\/users\/1"}],"replies":[{"embeddable":true,"href":"https:\/\/www.upo.es\/sociologia\/wp-json\/wp\/v2\/comments?post=117"}],"version-history":[{"count":16,"href":"https:\/\/www.upo.es\/sociologia\/wp-json\/wp\/v2\/pages\/117\/revisions"}],"predecessor-version":[{"id":3709,"href":"https:\/\/www.upo.es\/sociologia\/wp-json\/wp\/v2\/pages\/117\/revisions\/3709"}],"wp:attachment":[{"href":"https:\/\/www.upo.es\/sociologia\/wp-json\/wp\/v2\/media?parent=117"}],"curies":[{"name":"wp","href":"https:\/\/api.w.org\/{rel}","templated":true}]}}