{"id":2335,"date":"2020-11-25T02:09:15","date_gmt":"2020-11-25T01:09:15","guid":{"rendered":"https:\/\/www.upo.es\/sociologia\/?page_id=2335"},"modified":"2020-11-25T02:09:27","modified_gmt":"2020-11-25T01:09:27","slug":"seminario-de-investigacion-del-departamento-de-sociologia","status":"publish","type":"page","link":"https:\/\/www.upo.es\/sociologia\/seminario-de-investigacion-del-departamento-de-sociologia\/","title":{"rendered":"Seminario de Investigaci\u00f3n del Departamento de Sociolog\u00eda"},"content":{"rendered":"<p>El Seminario de Investigaci\u00f3n del Departamento de Sociolog\u00eda agrupa diversas actividades organizadas o co-organizadas por el Departamento de Sociolog\u00eda de la Universidad Pablo de Olavide, incluyendo cursos de formaci\u00f3n, seminarios, conferencias, presentaciones, y \u00abaperitivos sociol\u00f3gicos\u00bb. Varias de estas actividades est\u00e1n abiertas a la comunidad universitaria y\/o el p\u00fablico en general.<\/p>\n","protected":false},"excerpt":{"rendered":"<p>El Seminario de Investigaci\u00f3n del Departamento de Sociolog\u00eda agrupa diversas actividades organizadas o co-organizadas por el Departamento de Sociolog\u00eda de la Universidad Pablo de Olavide, incluyendo cursos de formaci\u00f3n, seminarios, conferencias, presentaciones, y \u00abaperitivos sociol\u00f3gicos\u00bb. Varias de estas actividades est\u00e1n abiertas a la comunidad universitaria y\/o el p\u00fablico en general.<\/p>\n<p>  [&#8230;]<\/p>\n","protected":false},"author":1,"featured_media":0,"parent":0,"menu_order":0,"comment_status":"closed","ping_status":"closed","template":"templates\/page-actividades.php","meta":[],"_links":{"self":[{"href":"https:\/\/www.upo.es\/sociologia\/wp-json\/wp\/v2\/pages\/2335"}],"collection":[{"href":"https:\/\/www.upo.es\/sociologia\/wp-json\/wp\/v2\/pages"}],"about":[{"href":"https:\/\/www.upo.es\/sociologia\/wp-json\/wp\/v2\/types\/page"}],"author":[{"embeddable":true,"href":"https:\/\/www.upo.es\/sociologia\/wp-json\/wp\/v2\/users\/1"}],"replies":[{"embeddable":true,"href":"https:\/\/www.upo.es\/sociologia\/wp-json\/wp\/v2\/comments?post=2335"}],"version-history":[{"count":2,"href":"https:\/\/www.upo.es\/sociologia\/wp-json\/wp\/v2\/pages\/2335\/revisions"}],"predecessor-version":[{"id":2337,"href":"https:\/\/www.upo.es\/sociologia\/wp-json\/wp\/v2\/pages\/2335\/revisions\/2337"}],"wp:attachment":[{"href":"https:\/\/www.upo.es\/sociologia\/wp-json\/wp\/v2\/media?parent=2335"}],"curies":[{"name":"wp","href":"https:\/\/api.w.org\/{rel}","templated":true}]}}