{"id":31,"date":"2016-05-06T16:01:08","date_gmt":"2016-05-06T16:01:08","guid":{"rendered":"https:\/\/www.upo.es\/sociologia\/?page_id=31"},"modified":"2020-11-25T02:10:20","modified_gmt":"2020-11-25T01:10:20","slug":"investigacion","status":"publish","type":"page","link":"https:\/\/www.upo.es\/sociologia\/investigacion\/","title":{"rendered":"Investigaci\u00f3n"},"content":{"rendered":"<p>Puede conocer la informaci\u00f3n relativa a la investigaci\u00f3n realizada por quienes forman parte del Departamento de Sociolog\u00eda a trav\u00e9s de los siguientes enlaces:<\/p>\n<div class=\"enlace-destacado\"><a href=\"https:\/\/www.upo.es\/sociologia\/investigacion\/proyectos-convenios-y-contratos\/\">Proyectos, convenios y contratos<\/a><\/div>\n<div class=\"enlace-destacado\"><a href=\"https:\/\/www.upo.es\/sociologia\/investigacion\/publicaciones\/\">Publicaciones<\/a><\/div>\n<div class=\"enlace-destacado\"><a href=\"https:\/\/www.upo.es\/sociologia\/investigacion\/grupos-de-investigacion\/\">Grupos de investigaci\u00f3n<\/a><\/div>\n<div class=\"enlace-destacado\"><a href=\"https:\/\/www.upo.es\/sociologia\/investigacion\/actividades-de-investigacion\/\">Congresos<\/a><\/div>\n","protected":false},"excerpt":{"rendered":"<p>Puede conocer la informaci\u00f3n relativa a la investigaci\u00f3n realizada por quienes forman parte del Departamento de Sociolog\u00eda a trav\u00e9s de los siguientes enlaces:<\/p>\n<p>  [&#8230;]<\/p>\n","protected":false},"author":1,"featured_media":0,"parent":0,"menu_order":0,"comment_status":"closed","ping_status":"closed","template":"","meta":[],"_links":{"self":[{"href":"https:\/\/www.upo.es\/sociologia\/wp-json\/wp\/v2\/pages\/31"}],"collection":[{"href":"https:\/\/www.upo.es\/sociologia\/wp-json\/wp\/v2\/pages"}],"about":[{"href":"https:\/\/www.upo.es\/sociologia\/wp-json\/wp\/v2\/types\/page"}],"author":[{"embeddable":true,"href":"https:\/\/www.upo.es\/sociologia\/wp-json\/wp\/v2\/users\/1"}],"replies":[{"embeddable":true,"href":"https:\/\/www.upo.es\/sociologia\/wp-json\/wp\/v2\/comments?post=31"}],"version-history":[{"count":8,"href":"https:\/\/www.upo.es\/sociologia\/wp-json\/wp\/v2\/pages\/31\/revisions"}],"predecessor-version":[{"id":2338,"href":"https:\/\/www.upo.es\/sociologia\/wp-json\/wp\/v2\/pages\/31\/revisions\/2338"}],"wp:attachment":[{"href":"https:\/\/www.upo.es\/sociologia\/wp-json\/wp\/v2\/media?parent=31"}],"curies":[{"name":"wp","href":"https:\/\/api.w.org\/{rel}","templated":true}]}}