{"id":51,"date":"2016-05-18T16:38:01","date_gmt":"2016-05-18T16:38:01","guid":{"rendered":"https:\/\/www.upo.es\/sociologia\/?page_id=51"},"modified":"2018-03-09T08:17:45","modified_gmt":"2018-03-09T07:17:45","slug":"departamento","status":"publish","type":"page","link":"https:\/\/www.upo.es\/sociologia\/departamento\/","title":{"rendered":"El departamento"},"content":{"rendered":"<h3 class=\"titulo_seccion\">Presentaci\u00f3n del Departamento de Sociolog\u00eda<\/h3>\n<p style=\"text-align: left;\">El Departamento de Sociolog\u00eda, se cre\u00f3 en Febrero de 2013, habiendo existido previamente el \u00c1rea de Sociolog\u00eda integrada en el Departamento de Ciencias Sociales, y previamente, en el Departamento de Ciencias Sociales y Trabajo Social.<\/p>\n<p style=\"text-align: left;\">El Departamento de Sociolog\u00eda imparte docencia en Grados de la Facultad de Ciencias Sociales, la Facultad de Derecho, la Facultad de Experimentales o la Facultad de Deportes, as\u00ed como en diversos t\u00edtulos de Postgrado. Adem\u00e1s de impartir docencia en titulaciones espec\u00edficas, como el Grado de Sociolog\u00eda, los \u2018dobles grados\u2019 de Sociolog\u00eda y Ciencias Pol\u00edticas o el de Sociolog\u00eda y Trabajo Social,\u00a0 imparte materias en\u00a0\u00a0 grados de diferentes facultades existentes en la Universidad Pablo de Olavide.<\/p>\n<p style=\"text-align: left;\">El personal docente e investigador de Departamento participativa activamente en proyectos de convocatorias competitivas de \u00e1mbito nacional e internacional, a lo que se une la labor de transferencia de conocimiento mediante el establecimiento de contratos y convenios con diversas entidades. En el Seminario de Investigaci\u00f3n del Departamento se difunden resultados de investigaci\u00f3n, tanto del Departamento, como de otros investigadores e investigadoras invitadas. Adem\u00e1s, se organizan cursos de formaci\u00f3n en metodolog\u00eda y competencias investigadoras para sus miembros para lo que se invita a especialistas de otras instituciones.<\/p>\n<div>\n<h6><strong>Departamento de Sociolog\u00eda<br \/>\n<\/strong><a href=\"mailto:admonsociologia@upo.es\"><strong>admonsociologia@upo.es<\/strong><\/a><\/h6>\n<\/div>\n","protected":false},"excerpt":{"rendered":"<p>Presentaci\u00f3n del Departamento de Sociolog\u00eda<\/p>\n<p style=\"text-align: left;\">El Departamento de Sociolog\u00eda, se cre\u00f3 en Febrero de 2013, habiendo existido previamente el \u00c1rea de Sociolog\u00eda integrada en el Departamento de Ciencias Sociales, y previamente, en el Departamento de Ciencias Sociales y Trabajo Social.<\/p>\n<p style=\"text-align: left;\">El Departamento de Sociolog\u00eda imparte docencia en Grados de la Facultad de Ciencias Sociales, la Facultad de Derecho, la Facultad de Experimentales o la Facultad de Deportes, as\u00ed como en diversos t\u00edtulos de Postgrado.<\/p>\n<p>  [&#8230;]<\/p>\n","protected":false},"author":1,"featured_media":0,"parent":0,"menu_order":0,"comment_status":"closed","ping_status":"closed","template":"","meta":[],"_links":{"self":[{"href":"https:\/\/www.upo.es\/sociologia\/wp-json\/wp\/v2\/pages\/51"}],"collection":[{"href":"https:\/\/www.upo.es\/sociologia\/wp-json\/wp\/v2\/pages"}],"about":[{"href":"https:\/\/www.upo.es\/sociologia\/wp-json\/wp\/v2\/types\/page"}],"author":[{"embeddable":true,"href":"https:\/\/www.upo.es\/sociologia\/wp-json\/wp\/v2\/users\/1"}],"replies":[{"embeddable":true,"href":"https:\/\/www.upo.es\/sociologia\/wp-json\/wp\/v2\/comments?post=51"}],"version-history":[{"count":11,"href":"https:\/\/www.upo.es\/sociologia\/wp-json\/wp\/v2\/pages\/51\/revisions"}],"predecessor-version":[{"id":800,"href":"https:\/\/www.upo.es\/sociologia\/wp-json\/wp\/v2\/pages\/51\/revisions\/800"}],"wp:attachment":[{"href":"https:\/\/www.upo.es\/sociologia\/wp-json\/wp\/v2\/media?parent=51"}],"curies":[{"name":"wp","href":"https:\/\/api.w.org\/{rel}","templated":true}]}}