{"id":12290,"date":"2023-03-15T20:44:54","date_gmt":"2023-03-15T20:44:54","guid":{"rendered":"https:\/\/www.upo.es\/usd-project\/?page_id=12290"},"modified":"2023-06-09T06:39:02","modified_gmt":"2023-06-09T06:39:02","slug":"pablo-de-olavide-university","status":"publish","type":"page","link":"https:\/\/www.upo.es\/usd-project\/pablo-de-olavide-university\/","title":{"rendered":"Pablo de Olavide University"},"content":{"rendered":"\t\t<div data-elementor-type=\"wp-page\" data-elementor-id=\"12290\" class=\"elementor elementor-12290\">\n\t\t\t\t\t\t<section class=\"elementor-section elementor-top-section elementor-element elementor-element-d763365 elementor-section-boxed elementor-section-height-default elementor-section-height-default\" data-id=\"d763365\" data-element_type=\"section\">\n\t\t\t\t\t\t<div class=\"elementor-container elementor-column-gap-default\">\n\t\t\t\t\t<div class=\"elementor-column elementor-col-100 elementor-top-column elementor-element elementor-element-20800b2\" data-id=\"20800b2\" data-element_type=\"column\">\n\t\t\t<div class=\"elementor-widget-wrap elementor-element-populated\">\n\t\t\t\t\t\t<div class=\"elementor-element elementor-element-285a78b elementor-widget elementor-widget-heading\" data-id=\"285a78b\" data-element_type=\"widget\" data-widget_type=\"heading.default\">\n\t\t\t\t<div class=\"elementor-widget-container\">\n\t\t\t<h2 class=\"elementor-heading-title elementor-size-default\"><a href=\"https:\/\/www.upo.es\/\">Official site<\/a><\/h2>\t\t<\/div>\n\t\t\t\t<\/div>\n\t\t\t\t\t<\/div>\n\t\t<\/div>\n\t\t\t\t\t<\/div>\n\t\t<\/section>\n\t\t\t\t<section class=\"elementor-section elementor-top-section elementor-element elementor-element-4a5abf7 elementor-section-boxed elementor-section-height-default elementor-section-height-default\" data-id=\"4a5abf7\" data-element_type=\"section\">\n\t\t\t\t\t\t<div class=\"elementor-container elementor-column-gap-default\">\n\t\t\t\t\t<div class=\"elementor-column elementor-col-100 elementor-top-column elementor-element elementor-element-8b47703\" data-id=\"8b47703\" data-element_type=\"column\">\n\t\t\t<div class=\"elementor-widget-wrap elementor-element-populated\">\n\t\t\t\t\t\t<section class=\"elementor-section elementor-inner-section elementor-element elementor-element-13c2887 elementor-section-boxed elementor-section-height-default elementor-section-height-default\" data-id=\"13c2887\" data-element_type=\"section\">\n\t\t\t\t\t\t<div class=\"elementor-container elementor-column-gap-default\">\n\t\t\t\t\t<div class=\"elementor-column elementor-col-50 elementor-inner-column elementor-element elementor-element-b1b6ae0\" data-id=\"b1b6ae0\" data-element_type=\"column\">\n\t\t\t<div class=\"elementor-widget-wrap elementor-element-populated\">\n\t\t\t\t\t\t<div class=\"elementor-element elementor-element-66cb2ae elementor-widget elementor-widget-text-editor\" data-id=\"66cb2ae\" data-element_type=\"widget\" data-widget_type=\"text-editor.default\">\n\t\t\t\t<div class=\"elementor-widget-container\">\n\t\t\t\t\t\t\t<h1>OUR INSTITUTION:<\/h1>\t\t\t\t\t\t<\/div>\n\t\t\t\t<\/div>\n\t\t\t\t\t<\/div>\n\t\t<\/div>\n\t\t\t\t<div class=\"elementor-column elementor-col-50 elementor-inner-column elementor-element elementor-element-aafe756\" data-id=\"aafe756\" data-element_type=\"column\">\n\t\t\t<div class=\"elementor-widget-wrap elementor-element-populated\">\n\t\t\t\t\t\t<div class=\"elementor-element elementor-element-4738b16 elementor-widget elementor-widget-text-editor\" data-id=\"4738b16\" data-element_type=\"widget\" data-widget_type=\"text-editor.default\">\n\t\t\t\t<div class=\"elementor-widget-container\">\n\t\t\t\t\t\t\t<p><strong>Pablo de Olavide University of Seville is a public university committed to providing high quality education. It is located on a single campus equipped with the latest technologies. In its 140 hectares of high ecological value, it combines teaching, research and social and sports activities. On the other hand, the UPO is fully committed to the implementation of a university without papers at all levels. To ensure the security and authentication of all these procedures, digital signature is fully implemented in the university. Recently it has created both the vice-rectorate of Digital Transformation and Quality, and the Rector\u2019s Delegation for the Sustainable Campus, both organizational structures of special relevance for the development of the project.<\/strong><\/p>\t\t\t\t\t\t<\/div>\n\t\t\t\t<\/div>\n\t\t\t\t\t<\/div>\n\t\t<\/div>\n\t\t\t\t\t<\/div>\n\t\t<\/section>\n\t\t\t\t\t<\/div>\n\t\t<\/div>\n\t\t\t\t\t<\/div>\n\t\t<\/section>\n\t\t\t\t<section class=\"elementor-section elementor-top-section elementor-element elementor-element-c279bc3 elementor-section-boxed elementor-section-height-default elementor-section-height-default\" data-id=\"c279bc3\" data-element_type=\"section\">\n\t\t\t\t\t\t<div class=\"elementor-container elementor-column-gap-default\">\n\t\t\t\t\t<div class=\"elementor-column elementor-col-50 elementor-top-column elementor-element elementor-element-5c114bb\" data-id=\"5c114bb\" data-element_type=\"column\">\n\t\t\t<div class=\"elementor-widget-wrap elementor-element-populated\">\n\t\t\t\t\t\t<div class=\"elementor-element elementor-element-238826c elementor-widget elementor-widget-text-editor\" data-id=\"238826c\" data-element_type=\"widget\" data-widget_type=\"text-editor.default\">\n\t\t\t\t<div class=\"elementor-widget-container\">\n\t\t\t\t\t\t\t<h1>OUR TEAM:<\/h1>\t\t\t\t\t\t<\/div>\n\t\t\t\t<\/div>\n\t\t\t\t\t<\/div>\n\t\t<\/div>\n\t\t\t\t<div class=\"elementor-column elementor-col-50 elementor-top-column elementor-element elementor-element-85ebe6a\" data-id=\"85ebe6a\" data-element_type=\"column\">\n\t\t\t<div class=\"elementor-widget-wrap elementor-element-populated\">\n\t\t\t\t\t\t<div class=\"elementor-element elementor-element-8e263bf elementor-widget elementor-widget-text-editor\" data-id=\"8e263bf\" data-element_type=\"widget\" data-widget_type=\"text-editor.default\">\n\t\t\t\t<div class=\"elementor-widget-container\">\n\t\t\t\t\t\t\t<p><strong>Luis Villagarc\u00eda Saiz, coordinator of the project, is a full professor in the area of ecology at Pablo de Olavide University and director of the Campus of International Excellence of Environment, Biodiversity and Global Change (CEI CamBio) who, from Pablo de Olavide University, coordinates headquarters in the universities of Almer\u00eda, Ja\u00e9n, Cadiz, Huelva and C\u00f3rdoba. He has been responsible for Quality of the master&#8217;s degree in Carbon Assessment and Management in Ecosystems and the master&#8217;s degree in Climate Change, Carbon and Water Resources (2013-2016). On its scientific side he has focused his research on the study of the effect of climate change on gas flows and on the availability of phosphorus in soils, both in semi-arid ecosystems.<\/strong><\/p><p><strong>Ra\u00fal Gir\u00e1ldez Rojo is vice-rector of Digital Transformation and Quality at the UPO, and Dr. Cum Laude in Computer Science from the University of Seville, with Extraordinary Award and Quality Mention of the Program. In addition, he is a promoter and partner of Spin-Off Proemia Advanced Technologies S.L., owned by Pablo de Olavide University, created in 2011 (and continues) and whose activity focuses on the development of high-performance applications and technology consulting in the context of intelligent data analysis. The research lines in which he works focus on fields linked to Data Mining and Evolutionary Computing, such as data preprocessing, optimisation techniques, machine learning, and applications in various areas such as Bioinformatics. He has participated in research projects, such as Knowledge Discovery Network of Excellence (European Union), DATos mining for users in different application areas (Junta de Andaluc\u00eda) among others.<\/strong><\/p><p><strong>Teresa Rebolledo G\u00e1mez is Dr. Cum Laude with International Mention in Development and Citizenship: Human Rights, Equality, Education and Social Intervention, with Doctoral Thesis on the training of educators in the field of diversity. It has participated in various national and international research projects related to education, equality, education for development and social cooperation. He has participated in the writing of the books &#8220;Sensibilisation in contexts of cultural diversity: a proposal from the SDGs with social educators, &#8220;Migrating women, vulnerability and human rights&#8221;, &#8220;Culture of peace and conflict: Socio-educational implications\u201c,\u201dAssessment of Participatory Methodologies: an experience in the university field&#8221;, among others.<\/strong><\/p><p><strong>Mar\u00eda del Roc\u00edo Rodr\u00edguez Casado. Professor of the Department of Education and Social Psychology of the Pablo de Olavide University (UPO). Social educator. Social worker. Master&#8217;s degree in Education for Development, Social Awareness and Culture of Peace. International PhD in Social Sciences within the framework of the Doctoral Program: Development and Citizenship: Human Rights, Equality, Education and Social Intervention of the UPO. Outstanding lines of research: migrations and gender; interculturality and gender in the school environment; education for development and interculturality in socio-educational contexts; Procedures in the face of cultural and gender diversity in nursery and primary schools. Member of the GIAS Research Group (HUM-929). She is a researcher for national and international projects such as \u201cVoices of Immigrant Women\u201d (Erasmus+ KA2 Strategic Program) R+D+i Collaboration and IRSES Project \u201cGendercit: Gender and Citizenship\u201d, financed by the European Union.<\/strong><\/p><p><strong>Mar\u00eda Jos\u00e9 Molina Ram\u00edrez, is an Environmental Sciences Graduated and Master&#8217;s Degree in Ecological Agriculture and Livestock. She is an environmental technician in Rector\u2019s Delegation for the Sustainable Campus of the Pablo de Olavide University. Her professional career is linked to the management and coordination of projects in the university field.<\/strong><\/p><p><strong>Mar\u00eda Jes\u00fas Ruiz Sutilo, holds a Degree in Translation and Interpreting and a Master Degree in European Project Management. She works at the International Relations Office and is in charge of European and cooperation projects\u2019 administrative management.<\/strong><\/p><p><strong>Oscar Acedo Nu\u00f1ez is an Aeronautical Engineer and holds an Expert Degree in International Cooperation project management. He is also a part-time lecturer at Pablo de Olavide University Environmental Science degree. He works at the International Relations Office and is in charge of European and Cooperation projects\u2019 technical management.<\/strong><\/p>\t\t\t\t\t\t<\/div>\n\t\t\t\t<\/div>\n\t\t\t\t\t<\/div>\n\t\t<\/div>\n\t\t\t\t\t<\/div>\n\t\t<\/section>\n\t\t\t\t<\/div>\n\t\t","protected":false},"excerpt":{"rendered":"<p>Official site OUR INSTITUTION: Pablo de Olavide University of Seville&hellip;<\/p>\n<p> <a class=\"more-link\" href=\"https:\/\/www.upo.es\/usd-project\/pablo-de-olavide-university\/\">Read more<\/a><\/p>\n<div class=\"pvc_clear\"><\/div>\n<p id=\"pvc_stats_12290\" class=\"pvc_stats all  \" data-element-id=\"12290\" style=\"\"><i class=\"pvc-stats-icon small\" aria-hidden=\"true\"><svg xmlns=\"http:\/\/www.w3.org\/2000\/svg\" version=\"1.0\" viewBox=\"0 0 502 315\" preserveAspectRatio=\"xMidYMid meet\"><g transform=\"translate(0,332) scale(0.1,-0.1)\" fill=\"\" stroke=\"none\"><path d=\"M2394 3279 l-29 -30 -3 -207 c-2 -182 0 -211 15 -242 39 -76 157 -76 196 0 15 31 17 60 15 243 l-3 209 -33 29 c-26 23 -41 29 -80 29 -41 0 -53 -5 -78 -31z\"\/><path d=\"M3085 3251 c-45 -19 -58 -50 -96 -229 -47 -217 -49 -260 -13 -295 52 -53 146 -42 177 20 16 31 87 366 87 410 0 70 -86 122 -155 94z\"\/><path d=\"M1751 3234 c-13 -9 -29 -31 -37 -50 -12 -29 -10 -49 21 -204 19 -94 39 -189 45 -210 14 -50 54 -80 110 -80 34 0 48 6 76 34 21 21 34 44 34 59 0 14 -18 113 -40 219 -37 178 -43 195 -70 221 -36 32 -101 37 -139 11z\"\/><path d=\"M1163 3073 c-36 -7 -73 -59 -73 -102 0 -56 133 -378 171 -413 34 -32 83 -37 129 -13 70 36 67 87 -16 290 -86 209 -89 214 -129 231 -35 14 -42 15 -82 7z\"\/><path d=\"M3689 3066 c-15 -9 -33 -30 -42 -48 -48 -103 -147 -355 -147 -375 0 -98 131 -148 192 -74 13 15 57 108 97 206 80 196 84 226 37 273 -30 30 -99 39 -137 18z\"\/><path d=\"M583 2784 c-38 -19 -67 -74 -58 -113 9 -42 211 -354 242 -373 16 -10 45 -18 66 -18 51 0 107 52 107 100 0 39 -1 41 -124 234 -80 126 -108 162 -133 173 -41 17 -61 16 -100 -3z\"\/><path d=\"M4250 2784 c-14 -9 -74 -91 -133 -183 -95 -150 -107 -173 -107 -213 0 -55 33 -94 87 -104 67 -13 90 8 211 198 130 202 137 225 78 284 -27 27 -42 34 -72 34 -22 0 -50 -8 -64 -16z\"\/><path d=\"M2275 2693 c-553 -48 -1095 -270 -1585 -649 -135 -104 -459 -423 -483 -476 -23 -49 -22 -139 2 -186 73 -142 361 -457 571 -626 285 -228 642 -407 990 -497 242 -63 336 -73 660 -74 310 0 370 5 595 52 535 111 1045 392 1455 803 122 121 250 273 275 326 19 41 19 137 0 174 -41 79 -309 363 -465 492 -447 370 -946 591 -1479 653 -113 14 -422 18 -536 8z m395 -428 c171 -34 330 -124 456 -258 112 -119 167 -219 211 -378 27 -96 24 -300 -5 -401 -72 -255 -236 -447 -474 -557 -132 -62 -201 -76 -368 -76 -167 0 -236 14 -368 76 -213 98 -373 271 -451 485 -162 444 86 934 547 1084 153 49 292 57 452 25z m909 -232 c222 -123 408 -262 593 -441 76 -74 138 -139 138 -144 0 -16 -233 -242 -330 -319 -155 -123 -309 -223 -461 -299 l-81 -41 32 46 c18 26 49 83 70 128 143 306 141 649 -6 957 -25 52 -61 116 -79 142 l-34 47 45 -20 c26 -10 76 -36 113 -56z m-2057 25 c-40 -58 -105 -190 -130 -263 -110 -324 -59 -707 132 -981 25 -35 42 -64 37 -64 -19 0 -241 119 -326 174 -188 122 -406 314 -532 468 l-58 71 108 103 c185 178 428 349 672 473 66 33 121 60 123 61 2 0 -10 -19 -26 -42z\"\/><path d=\"M2375 1950 c-198 -44 -350 -190 -395 -379 -18 -76 -8 -221 19 -290 114 -284 457 -406 731 -260 98 52 188 154 231 260 27 69 37 214 19 290 -38 163 -166 304 -326 360 -67 23 -215 33 -279 19z\"\/><\/g><\/svg><\/i> <img decoding=\"async\" width=\"16\" height=\"16\" alt=\"Loading\" src=\"https:\/\/www.upo.es\/usd-project\/wp-content\/plugins\/page-views-count\/ajax-loader-2x.gif\" border=0 \/><\/p>\n<div class=\"pvc_clear\"><\/div>\n","protected":false},"author":1,"featured_media":0,"parent":0,"menu_order":0,"comment_status":"closed","ping_status":"closed","template":"","meta":{"footnotes":""},"class_list":["post-12290","page","type-page","status-publish"],"rttpg_featured_image_url":null,"rttpg_author":{"display_name":"admin","author_link":"https:\/\/www.upo.es\/usd-project\/author\/admin\/"},"rttpg_comment":0,"rttpg_category":null,"rttpg_excerpt":"Official site OUR INSTITUTION: Pablo de Olavide University of Seville&hellip; Read more","_links":{"self":[{"href":"https:\/\/www.upo.es\/usd-project\/wp-json\/wp\/v2\/pages\/12290","targetHints":{"allow":["GET"]}}],"collection":[{"href":"https:\/\/www.upo.es\/usd-project\/wp-json\/wp\/v2\/pages"}],"about":[{"href":"https:\/\/www.upo.es\/usd-project\/wp-json\/wp\/v2\/types\/page"}],"author":[{"embeddable":true,"href":"https:\/\/www.upo.es\/usd-project\/wp-json\/wp\/v2\/users\/1"}],"replies":[{"embeddable":true,"href":"https:\/\/www.upo.es\/usd-project\/wp-json\/wp\/v2\/comments?post=12290"}],"version-history":[{"count":17,"href":"https:\/\/www.upo.es\/usd-project\/wp-json\/wp\/v2\/pages\/12290\/revisions"}],"predecessor-version":[{"id":12456,"href":"https:\/\/www.upo.es\/usd-project\/wp-json\/wp\/v2\/pages\/12290\/revisions\/12456"}],"wp:attachment":[{"href":"https:\/\/www.upo.es\/usd-project\/wp-json\/wp\/v2\/media?parent=12290"}],"curies":[{"name":"wp","href":"https:\/\/api.w.org\/{rel}","templated":true}]}}