{"id":12303,"date":"2023-03-16T09:59:16","date_gmt":"2023-03-16T09:59:16","guid":{"rendered":"https:\/\/www.upo.es\/usd-project\/?page_id=12303"},"modified":"2023-06-09T06:39:43","modified_gmt":"2023-06-09T06:39:43","slug":"vilniaus-kolegija","status":"publish","type":"page","link":"https:\/\/www.upo.es\/usd-project\/vilniaus-kolegija\/","title":{"rendered":"Vilniaus kolegija"},"content":{"rendered":"\t\t<div data-elementor-type=\"wp-page\" data-elementor-id=\"12303\" class=\"elementor elementor-12303\">\n\t\t\t\t\t\t<section class=\"elementor-section elementor-top-section elementor-element elementor-element-f266360 elementor-section-boxed elementor-section-height-default elementor-section-height-default\" data-id=\"f266360\" data-element_type=\"section\">\n\t\t\t\t\t\t<div class=\"elementor-container elementor-column-gap-default\">\n\t\t\t\t\t<div class=\"elementor-column elementor-col-100 elementor-top-column elementor-element elementor-element-830eaa3\" data-id=\"830eaa3\" data-element_type=\"column\">\n\t\t\t<div class=\"elementor-widget-wrap elementor-element-populated\">\n\t\t\t\t\t\t<div class=\"elementor-element elementor-element-4eaae99 elementor-widget elementor-widget-heading\" data-id=\"4eaae99\" data-element_type=\"widget\" data-widget_type=\"heading.default\">\n\t\t\t\t<div class=\"elementor-widget-container\">\n\t\t\t<h2 class=\"elementor-heading-title elementor-size-default\"><a href=\"https:\/\/www.viko.lt\/\">Official site<\/a><\/h2>\t\t<\/div>\n\t\t\t\t<\/div>\n\t\t\t\t<section class=\"elementor-section elementor-inner-section elementor-element elementor-element-4e23570 elementor-section-boxed elementor-section-height-default elementor-section-height-default\" data-id=\"4e23570\" data-element_type=\"section\">\n\t\t\t\t\t\t<div class=\"elementor-container elementor-column-gap-default\">\n\t\t\t\t\t<div class=\"elementor-column elementor-col-50 elementor-inner-column elementor-element elementor-element-4b763e9\" data-id=\"4b763e9\" data-element_type=\"column\">\n\t\t\t<div class=\"elementor-widget-wrap elementor-element-populated\">\n\t\t\t\t\t\t<div class=\"elementor-element elementor-element-843e874 elementor-widget elementor-widget-text-editor\" data-id=\"843e874\" data-element_type=\"widget\" data-widget_type=\"text-editor.default\">\n\t\t\t\t<div class=\"elementor-widget-container\">\n\t\t\t\t\t\t\t<h1>OUR INSTITUTION:<\/h1>\t\t\t\t\t\t<\/div>\n\t\t\t\t<\/div>\n\t\t\t\t\t<\/div>\n\t\t<\/div>\n\t\t\t\t<div class=\"elementor-column elementor-col-50 elementor-inner-column elementor-element elementor-element-4711f6f\" data-id=\"4711f6f\" data-element_type=\"column\">\n\t\t\t<div class=\"elementor-widget-wrap elementor-element-populated\">\n\t\t\t\t\t\t<div class=\"elementor-element elementor-element-d9f7ef0 elementor-widget elementor-widget-text-editor\" data-id=\"d9f7ef0\" data-element_type=\"widget\" data-widget_type=\"text-editor.default\">\n\t\t\t\t<div class=\"elementor-widget-container\">\n\t\t\t\t\t\t\t<p style=\"color: #000000; font-family: 'Times New Roman'; font-size: medium;\"><strong>Vilniaus kolegija \/ Higher Education Institution (VIKO) is the leading and largest accredited public institution of higher vocational education in Lithuania. VIKO has long experience in the implementation and coordination of various types of national and international development projects. Each year, VIKO carries out about 20 projects from different programmes, such as Erasmus, Nordplus, COST, INTERREG, etc. The aim of VIKO RDI is to emphasise collaboration with the world of work and contracted activities.<\/strong><\/p><p style=\"color: #000000; font-family: 'Times New Roman'; font-size: medium;\"><strong>VIKO is strategically oriented to the issues of sustainable development and social responsibility for its implementation and development. The priorities of VIKO Social Responsibility and Sustainable Development are the promotion of a socially responsible society, the development of skills in sustainable development, the increase of employment and the training of professionals in the labour market who can create added value for society in accordance with the principles of sustainable development and social responsibility. The other strength of VIKO is the area of creativity and entrepreneurship. VIKO is a partner of the COST programme, whose actions help connect research initiatives across Europe and beyond and allow researchers and innovators to grow their ideas in any field of science and technology by sharing them with their peers. The development of internationalisation is one of VIKO\u2019s strategic objectives. The<\/strong><\/p><p style=\"color: #000000; font-family: 'Times New Roman'; font-size: medium;\"><strong>institution seeks to develop a multicultural environment, which should encourage students and staff to achieve professionalism, academic advantage and competitiveness, and \u2014 equally important \u2014 to constantly develop generic competences based on human values. The element of internationalisation is included in all VIKO\u2019s strategic objectives: the development of the contemporary study process, applied R &amp; D, staff skills, strategic partnerships, study environments and significant visibility, recognition and reputation.<\/strong><\/p><p style=\"color: #000000; font-family: 'Times New Roman'; font-size: medium;\"><strong>Over its 20 years of existence, VIKO has gained experience in all Erasmus+ activities and has achieved significant results in international mobility and project experience. VIKO occupies a prominent position in the national rankings, has received different awards, for example, three times (in 2005, 2007 and 2017) received the nomination for achievements, established by the Vilnius Chamber of Commerce, Industry and Crafts. As a member of the Global Compact (since 2018), VIKO is strategically oriented to the issues of sustainable development and social responsibility that must be implemented and developed.<\/strong><\/p>\t\t\t\t\t\t<\/div>\n\t\t\t\t<\/div>\n\t\t\t\t\t<\/div>\n\t\t<\/div>\n\t\t\t\t\t<\/div>\n\t\t<\/section>\n\t\t\t\t\t<\/div>\n\t\t<\/div>\n\t\t\t\t\t<\/div>\n\t\t<\/section>\n\t\t\t\t<section class=\"elementor-section elementor-top-section elementor-element elementor-element-cef5d5f elementor-section-boxed elementor-section-height-default elementor-section-height-default\" data-id=\"cef5d5f\" data-element_type=\"section\">\n\t\t\t\t\t\t<div class=\"elementor-container elementor-column-gap-default\">\n\t\t\t\t\t<div class=\"elementor-column elementor-col-100 elementor-top-column elementor-element elementor-element-aef7c6a\" data-id=\"aef7c6a\" data-element_type=\"column\">\n\t\t\t<div class=\"elementor-widget-wrap elementor-element-populated\">\n\t\t\t\t\t\t<section class=\"elementor-section elementor-inner-section elementor-element elementor-element-783b6e9 elementor-section-boxed elementor-section-height-default elementor-section-height-default\" data-id=\"783b6e9\" data-element_type=\"section\">\n\t\t\t\t\t\t<div class=\"elementor-container elementor-column-gap-default\">\n\t\t\t\t\t<div class=\"elementor-column elementor-col-50 elementor-inner-column elementor-element elementor-element-f50ff62\" data-id=\"f50ff62\" data-element_type=\"column\">\n\t\t\t<div class=\"elementor-widget-wrap elementor-element-populated\">\n\t\t\t\t\t\t<div class=\"elementor-element elementor-element-1807af9 elementor-widget elementor-widget-text-editor\" data-id=\"1807af9\" data-element_type=\"widget\" data-widget_type=\"text-editor.default\">\n\t\t\t\t<div class=\"elementor-widget-container\">\n\t\t\t\t\t\t\t<h1>OUR TEAM:<\/h1>\t\t\t\t\t\t<\/div>\n\t\t\t\t<\/div>\n\t\t\t\t\t<\/div>\n\t\t<\/div>\n\t\t\t\t<div class=\"elementor-column elementor-col-50 elementor-inner-column elementor-element elementor-element-4e09af5\" data-id=\"4e09af5\" data-element_type=\"column\">\n\t\t\t<div class=\"elementor-widget-wrap elementor-element-populated\">\n\t\t\t\t\t\t<div class=\"elementor-element elementor-element-e0104fd elementor-widget elementor-widget-text-editor\" data-id=\"e0104fd\" data-element_type=\"widget\" data-widget_type=\"text-editor.default\">\n\t\t\t\t<div class=\"elementor-widget-container\">\n\t\t\t\t\t\t\t<p><strong>Nijol\u0117 Zinkevi\u010dien\u0117 is the Vice-Rector for Research and Partnerships at Vilnius University of Applied Sciences. She has received her PhD in Social Sciences and her research field is educational science. For many years she has been involved in the national Bologna experts&#8217; group, Commission of International Studies at the Educational Exchanges Support Foundation of Lithuania, Higher Education Institutions\u2019 Evaluation Committee at the Centre for Quality Assessment in Higher Education (Lithuania). She is the head of the R&amp;I Committee at the Lithuanian College Directors\u2019 Conference, a member of EURASHE Board. Nijole Zinkevi\u010dien\u0117 constantly participates in different international projects.<\/strong><\/p><p><strong>Jolanta Preidien\u0117 has been head of the Department of International Relations and Projects and has been the institutional coordinator of the Erasmus+ programme in Vilniaus Kolegija since 2000. Her functions are related to leading the development of the institution\u2019s internationalisation policy and has experience in many different EU projects. She was Vice- President of the Association of Erasmus Coordinators in Europe from 2005 to 2009. She also teaches applied ICT classes in Vilniaus kolegija.<\/strong><\/p><p><strong>Sophio Tabatadze works as a project manager in the Department of International Relations and Projects in Vilniaus Kolegija, with the responsibility of coordinating new students entering the university. She has worked as a communications specialist at Trans European Policy Studies Association (TEPSA). She also participates in additional creative engagement activities related to other agency projects such as NGO Embassy of Georgian \u2013 Lithuanian friendship. Sophio Tabatadze holds a bachelor\u2019s degree in English Philology from Tbilisi State University (2019) and a master&#8217;s degree in social sciences from Vytautas Magnus University (2021).<\/strong><\/p><p><strong>Muhammad Sohail works as a full professor and senior researcher at Vilniaus kolegija, University of Applied Sciences. He has two Masters: of Business Administration, and Information Systems. <\/strong><strong>He holds numerous training certificates and regularly participates in individual mobilities, trainings, conferences and seminars. His experience and research approach are related to creativity, social entrepreneurship and innovation and digitalisation. In addition, he is a research leader in social innovation\/social entrepreneurship projects funded by Erasmus+ and Horizon 2020.<\/strong><\/p><p><strong>Dalia Karlait\u0117 is lecturing business ethics and socially responsible business in module Sustainable Development at the Faculty of Business Management at VIKO. The researcher is exploring the impact of corporate social responsibility on public welfare: not only the role of CSR in reducing all forms of poverty and inequality in the countries, but also the importance of CSR in increasing society&#8217;s opportunities to obtain quality and safe goods and services at an affordable price. The responsible consumption and production are in the interest too. Dalia Karlait\u0117 is a member of the council of experts at Lithuanian Responsible Business Association (LAVA), which is working on the UN SDGs 2030.<\/strong><\/p>\t\t\t\t\t\t<\/div>\n\t\t\t\t<\/div>\n\t\t\t\t\t<\/div>\n\t\t<\/div>\n\t\t\t\t\t<\/div>\n\t\t<\/section>\n\t\t\t\t\t<\/div>\n\t\t<\/div>\n\t\t\t\t\t<\/div>\n\t\t<\/section>\n\t\t\t\t<\/div>\n\t\t","protected":false},"excerpt":{"rendered":"<p>Official site OUR INSTITUTION: Vilniaus kolegija \/ Higher Education Institution&hellip;<\/p>\n<p> <a class=\"more-link\" href=\"https:\/\/www.upo.es\/usd-project\/vilniaus-kolegija\/\">Read more<\/a><\/p>\n<div class=\"pvc_clear\"><\/div>\n<p id=\"pvc_stats_12303\" class=\"pvc_stats all  \" data-element-id=\"12303\" style=\"\"><i class=\"pvc-stats-icon small\" aria-hidden=\"true\"><svg xmlns=\"http:\/\/www.w3.org\/2000\/svg\" version=\"1.0\" viewBox=\"0 0 502 315\" preserveAspectRatio=\"xMidYMid meet\"><g transform=\"translate(0,332) scale(0.1,-0.1)\" fill=\"\" stroke=\"none\"><path d=\"M2394 3279 l-29 -30 -3 -207 c-2 -182 0 -211 15 -242 39 -76 157 -76 196 0 15 31 17 60 15 243 l-3 209 -33 29 c-26 23 -41 29 -80 29 -41 0 -53 -5 -78 -31z\"\/><path d=\"M3085 3251 c-45 -19 -58 -50 -96 -229 -47 -217 -49 -260 -13 -295 52 -53 146 -42 177 20 16 31 87 366 87 410 0 70 -86 122 -155 94z\"\/><path d=\"M1751 3234 c-13 -9 -29 -31 -37 -50 -12 -29 -10 -49 21 -204 19 -94 39 -189 45 -210 14 -50 54 -80 110 -80 34 0 48 6 76 34 21 21 34 44 34 59 0 14 -18 113 -40 219 -37 178 -43 195 -70 221 -36 32 -101 37 -139 11z\"\/><path d=\"M1163 3073 c-36 -7 -73 -59 -73 -102 0 -56 133 -378 171 -413 34 -32 83 -37 129 -13 70 36 67 87 -16 290 -86 209 -89 214 -129 231 -35 14 -42 15 -82 7z\"\/><path d=\"M3689 3066 c-15 -9 -33 -30 -42 -48 -48 -103 -147 -355 -147 -375 0 -98 131 -148 192 -74 13 15 57 108 97 206 80 196 84 226 37 273 -30 30 -99 39 -137 18z\"\/><path d=\"M583 2784 c-38 -19 -67 -74 -58 -113 9 -42 211 -354 242 -373 16 -10 45 -18 66 -18 51 0 107 52 107 100 0 39 -1 41 -124 234 -80 126 -108 162 -133 173 -41 17 -61 16 -100 -3z\"\/><path d=\"M4250 2784 c-14 -9 -74 -91 -133 -183 -95 -150 -107 -173 -107 -213 0 -55 33 -94 87 -104 67 -13 90 8 211 198 130 202 137 225 78 284 -27 27 -42 34 -72 34 -22 0 -50 -8 -64 -16z\"\/><path d=\"M2275 2693 c-553 -48 -1095 -270 -1585 -649 -135 -104 -459 -423 -483 -476 -23 -49 -22 -139 2 -186 73 -142 361 -457 571 -626 285 -228 642 -407 990 -497 242 -63 336 -73 660 -74 310 0 370 5 595 52 535 111 1045 392 1455 803 122 121 250 273 275 326 19 41 19 137 0 174 -41 79 -309 363 -465 492 -447 370 -946 591 -1479 653 -113 14 -422 18 -536 8z m395 -428 c171 -34 330 -124 456 -258 112 -119 167 -219 211 -378 27 -96 24 -300 -5 -401 -72 -255 -236 -447 -474 -557 -132 -62 -201 -76 -368 -76 -167 0 -236 14 -368 76 -213 98 -373 271 -451 485 -162 444 86 934 547 1084 153 49 292 57 452 25z m909 -232 c222 -123 408 -262 593 -441 76 -74 138 -139 138 -144 0 -16 -233 -242 -330 -319 -155 -123 -309 -223 -461 -299 l-81 -41 32 46 c18 26 49 83 70 128 143 306 141 649 -6 957 -25 52 -61 116 -79 142 l-34 47 45 -20 c26 -10 76 -36 113 -56z m-2057 25 c-40 -58 -105 -190 -130 -263 -110 -324 -59 -707 132 -981 25 -35 42 -64 37 -64 -19 0 -241 119 -326 174 -188 122 -406 314 -532 468 l-58 71 108 103 c185 178 428 349 672 473 66 33 121 60 123 61 2 0 -10 -19 -26 -42z\"\/><path d=\"M2375 1950 c-198 -44 -350 -190 -395 -379 -18 -76 -8 -221 19 -290 114 -284 457 -406 731 -260 98 52 188 154 231 260 27 69 37 214 19 290 -38 163 -166 304 -326 360 -67 23 -215 33 -279 19z\"\/><\/g><\/svg><\/i> <img decoding=\"async\" width=\"16\" height=\"16\" alt=\"Loading\" src=\"https:\/\/www.upo.es\/usd-project\/wp-content\/plugins\/page-views-count\/ajax-loader-2x.gif\" border=0 \/><\/p>\n<div class=\"pvc_clear\"><\/div>\n","protected":false},"author":1,"featured_media":0,"parent":0,"menu_order":0,"comment_status":"closed","ping_status":"closed","template":"","meta":{"footnotes":""},"class_list":["post-12303","page","type-page","status-publish"],"rttpg_featured_image_url":null,"rttpg_author":{"display_name":"admin","author_link":"https:\/\/www.upo.es\/usd-project\/author\/admin\/"},"rttpg_comment":0,"rttpg_category":null,"rttpg_excerpt":"Official site OUR INSTITUTION: Vilniaus kolegija \/ Higher Education Institution&hellip; Read more","_links":{"self":[{"href":"https:\/\/www.upo.es\/usd-project\/wp-json\/wp\/v2\/pages\/12303","targetHints":{"allow":["GET"]}}],"collection":[{"href":"https:\/\/www.upo.es\/usd-project\/wp-json\/wp\/v2\/pages"}],"about":[{"href":"https:\/\/www.upo.es\/usd-project\/wp-json\/wp\/v2\/types\/page"}],"author":[{"embeddable":true,"href":"https:\/\/www.upo.es\/usd-project\/wp-json\/wp\/v2\/users\/1"}],"replies":[{"embeddable":true,"href":"https:\/\/www.upo.es\/usd-project\/wp-json\/wp\/v2\/comments?post=12303"}],"version-history":[{"count":8,"href":"https:\/\/www.upo.es\/usd-project\/wp-json\/wp\/v2\/pages\/12303\/revisions"}],"predecessor-version":[{"id":12459,"href":"https:\/\/www.upo.es\/usd-project\/wp-json\/wp\/v2\/pages\/12303\/revisions\/12459"}],"wp:attachment":[{"href":"https:\/\/www.upo.es\/usd-project\/wp-json\/wp\/v2\/media?parent=12303"}],"curies":[{"name":"wp","href":"https:\/\/api.w.org\/{rel}","templated":true}]}}